{"id":11,"date":"2014-11-11T11:14:05","date_gmt":"2014-11-11T11:14:05","guid":{"rendered":"http:\/\/anpsthemes.com\/constructo\/?page_id=11"},"modified":"2025-07-05T19:09:50","modified_gmt":"2025-07-05T16:09:50","slug":"hakkimizda","status":"publish","type":"page","link":"https:\/\/navigashipping.com\/de\/?page_id=11","title":{"rendered":"\u00dcBER UNS"},"content":{"rendered":"<p>[vc_row][vc_column width=&#8221;1\/2&#8243;][vc_custom_heading text=&#8221;\u00dcBER UNS&#8221; font_container=&#8221;tag:h2|text_align:left|color:%231f425d&#8221; use_theme_fonts=&#8221;yes&#8221;][vc_column_text]<\/p>\n<div class=\"wpb_text_column wpb_content_element \">\n<div class=\"wpb_wrapper\">\n<div class=\"wp-block-group\">\n<div class=\"wp-block-group__inner-container is-layout-constrained wp-block-group-is-layout-constrained\">\n<h5>Gegr\u00fcndet im Jahr 2013, hat sich Naviga Gemi Acenteli\u011fi in kurzer Zeit zu einem f\u00fchrenden Akteur im internationalen Transportwesen entwickelt. Unsere unersch\u00fctterliche Verpflichtung zur Exzellenz hat uns einen Ruf f\u00fcr Zuverl\u00e4ssigkeit und Effizienz im G\u00fcterverkehr eingebracht. Unser motiviertes und hochqualifiziertes Team bildet das Herzst\u00fcck unserer T\u00e4tigkeiten und engagiert sich voll und ganz f\u00fcr den sicheren und p\u00fcnktlichen Transport Ihrer Waren per See-, Luft- und Landweg.<\/h5>\n<h5><\/h5>\n<h5>Bei Naviga verstehen wir die Komplexit\u00e4t globaler Logistik und streben danach, den Transportprozess f\u00fcr unsere Kunden zu vereinfachen. Von sorgf\u00e4ltiger Planung bis hin zur pr\u00e4zisen Umsetzung \u2013 wir managen jede Phase mit h\u00f6chster Aufmerksamkeit und Sorgfalt.<\/h5>\n<\/div>\n<\/div>\n<\/div>\n<\/div>\n<p>[\/vc_column_text][vc_empty_space][\/vc_column][vc_column width=&#8221;1\/2&#8243;][vc_custom_heading text=&#8221;&#8221; font_container=&#8221;tag:h2|text_align:left|color:%231f425d&#8221; use_theme_fonts=&#8221;yes&#8221;][vc_empty_space][vc_single_image image=&#8221;1441&#8243; img_size=&#8221;large&#8221;][\/vc_column][\/vc_row][vc_row][vc_column width=&#8221;1\/2&#8243;][vc_single_image image=&#8221;1449&#8243; img_size=&#8221;large&#8221;][vc_empty_space height=&#8221;52px&#8221;][vc_custom_heading text=&#8221;Warum wir?&#8221; font_container=&#8221;tag:h2|text_align:left|color:%231f425d&#8221; use_theme_fonts=&#8221;yes&#8221;][vc_column_text]<\/p>\n<ul>\n<li>\n<h5>Fachkundiges Team: Ein Team hochqualifizierter und motivierter Profis verwaltet Ihre G\u00fcter mit gr\u00f6\u00dfter Sorgfalt und Effizienz.<\/h5>\n<\/li>\n<li>\n<h5>Umfassende L\u00f6sungen: Unsere Dienstleistungen per See-, Luft- und Landweg sind individuell an Ihre Anforderungen angepasst \u2013 vom Paket bis zur Gro\u00dfladung.<\/h5>\n<\/li>\n<li>\n<h5>Zuverl\u00e4ssigkeit: Unsere Reputation basiert auf der konsequent sicheren und p\u00fcnktlichen Auslieferung Ihrer Waren.<\/h5>\n<\/li>\n<li>\n<h5>Kundenorientierung: Wir stellen Ihre Bed\u00fcrfnisse in den Mittelpunkt und entwickeln ma\u00dfgeschneiderte Strategien, um Ihrem Unternehmen echten Mehrwert zu liefern.<\/h5>\n<\/li>\n<li>\n<h5>Innovative L\u00f6sungen: Durch den Einsatz modernster Technologien und permanente Prozessoptimierung profitieren Sie von h\u00f6chster Effizienz.<\/h5>\n<\/li>\n<li>\n<h5>Globale Netzwerke: Als renommierter Akteur im internationalen Transport verf\u00fcgen wir \u00fcber die Ressourcen und Verbindungen, um Ihre Sendung weltweit reibungslos zu transportieren.<\/h5>\n<\/li>\n<\/ul>\n<h5><\/h5>\n<h5>Mit Naviga als Partner gewinnen Sie einen zuverl\u00e4ssigen, effizienten und innovativen Logistikdienstleister, der sich auf die Entwicklung Ihres Gesch\u00e4fts konzentriert.<\/h5>\n<h5><\/h5>\n<p>[\/vc_column_text][vc_empty_space height=&#8221;52px&#8221;][\/vc_column][vc_column width=&#8221;1\/2&#8243;][vc_custom_heading text=&#8221;Mission&#8221; font_container=&#8221;tag:h2|text_align:left|color:%231f425d&#8221; use_theme_fonts=&#8221;yes&#8221;][vc_column_text]<\/p>\n<h5>Unsere Mission ist es, durch den sicheren und termingerechten Transport per See-, Luft- und Landweg unvergleichliche internationale Logistikdienstleistungen anzubieten. Wir verpflichten uns, den Transportprozess zu vereinfachen und zuverl\u00e4ssige, effiziente und ma\u00dfgeschneiderte L\u00f6sungen zu liefern, die die Erwartungen unserer Kunden \u00fcbertreffen. Unser Expertenteam sorgt in jeder Phase f\u00fcr sorgf\u00e4ltige und pr\u00e4zise Handhabung, damit sich Ihr Gesch\u00e4ft weiterentwickeln kann.<\/h5>\n<p>[\/vc_column_text][vc_empty_space][vc_custom_heading text=&#8221;Vision&#8221; font_container=&#8221;tag:h2|text_align:left|color:%231f425d&#8221; use_theme_fonts=&#8221;yes&#8221;][vc_column_text]<\/p>\n<h5>Unsere Vision ist es, als weltweit f\u00fchrender Anbieter von Logistik- und Frachttransportdiensten anerkannt zu werden \u2013 bekannt f\u00fcr Innovation, Zuverl\u00e4ssigkeit und Kundenorientierung. Durch kontinuierliche Optimierung unserer Abl\u00e4ufe und Integration neuer Technologien streben wir danach, Ma\u00dfst\u00e4be in unserer Branche zu setzen. Naviga m\u00f6chte der bevorzugte Partner f\u00fcr Unternehmen sein, die nahtlose und effiziente Transportl\u00f6sungen weltweit suchen.<\/h5>\n<p>[\/vc_column_text][vc_empty_space][vc_empty_space height=&#8221;70px&#8221;][vc_single_image image=&#8221;1451&#8243; img_size=&#8221;large&#8221;][\/vc_column][\/vc_row]<\/p>\n","protected":false},"excerpt":{"rendered":"<p>[vc_row][vc_column width=&#8221;1\/2&#8243;][vc_custom_heading text=&#8221;\u00dcBER UNS&#8221; font_container=&#8221;tag:h2|text_align:left|color:%231f425d&#8221; use_theme_fonts=&#8221;yes&#8221;][vc_column_text] Gegr\u00fcndet im Jahr 2013, hat sich Naviga Gemi Acenteli\u011fi in kurzer Zeit zu einem f\u00fchrenden Akteur im internationalen Transportwesen entwickelt. Unsere unersch\u00fctterliche Verpflichtung zur Exzellenz hat uns einen Ruf f\u00fcr Zuverl\u00e4ssigkeit und Effizienz im&#8230;<\/p>\n","protected":false},"author":1,"featured_media":0,"parent":0,"menu_order":0,"comment_status":"closed","ping_status":"closed","template":"","meta":{"footnotes":""},"class_list":["post-11","page","type-page","status-publish","hentry"],"_links":{"self":[{"href":"https:\/\/navigashipping.com\/de\/index.php?rest_route=\/wp\/v2\/pages\/11"}],"collection":[{"href":"https:\/\/navigashipping.com\/de\/index.php?rest_route=\/wp\/v2\/pages"}],"about":[{"href":"https:\/\/navigashipping.com\/de\/index.php?rest_route=\/wp\/v2\/types\/page"}],"author":[{"embeddable":true,"href":"https:\/\/navigashipping.com\/de\/index.php?rest_route=\/wp\/v2\/users\/1"}],"replies":[{"embeddable":true,"href":"https:\/\/navigashipping.com\/de\/index.php?rest_route=%2Fwp%2Fv2%2Fcomments&post=11"}],"version-history":[{"count":63,"href":"https:\/\/navigashipping.com\/de\/index.php?rest_route=\/wp\/v2\/pages\/11\/revisions"}],"predecessor-version":[{"id":1541,"href":"https:\/\/navigashipping.com\/de\/index.php?rest_route=\/wp\/v2\/pages\/11\/revisions\/1541"}],"wp:attachment":[{"href":"https:\/\/navigashipping.com\/de\/index.php?rest_route=%2Fwp%2Fv2%2Fmedia&parent=11"}],"curies":[{"name":"wp","href":"https:\/\/api.w.org\/{rel}","templated":true}]}}