{"id":1365,"date":"2025-05-14T16:25:59","date_gmt":"2025-05-14T13:25:59","guid":{"rendered":"https:\/\/navigashipping.com\/de\/?page_id=1365"},"modified":"2025-07-05T19:00:31","modified_gmt":"2025-07-05T16:00:31","slug":"land-transportation","status":"publish","type":"page","link":"https:\/\/navigashipping.com\/de\/?page_id=1365","title":{"rendered":"STRA\u00dfENTRANSPORT"},"content":{"rendered":"<p>[vc_row][vc_column width=&#8221;1\/2&#8243;][vc_custom_heading text=&#8221;STRA\u00dfENTRANSPORT&#8221; font_container=&#8221;tag:h2|text_align:left|color:%231e73be&#8221; use_theme_fonts=&#8221;yes&#8221;][vc_empty_space][vc_column_text]<\/p>\n<h5>Mit \u00fcber 10\u202fJahren Erfahrung im Stra\u00dfeng\u00fcterverkehr steigern wir Ihre operative Effizienz und st\u00e4rken Ihre Logistikf\u00e4higkeiten.<\/h5>\n<p>&nbsp;<\/p>\n<h5>Als NAVIGA arbeiten wir mit einem Netzwerk renommierter Speditionsunternehmen zusammen, die auf Frachttransporte spezialisiert sind. Unser Team widmet sich der Auswahl des jeweils optimalen Partners f\u00fcr jeden Auftrag, um stets beste Ergebnisse zu garantieren.<\/h5>\n<p>[\/vc_column_text][\/vc_column][vc_column width=&#8221;1\/2&#8243;][vc_empty_space][vc_single_image image=&#8221;1406&#8243; img_size=&#8221;1024&#215;768&#8243; alignment=&#8221;center&#8221;][\/vc_column][\/vc_row]<\/p>\n","protected":false},"excerpt":{"rendered":"<p>[vc_row][vc_column width=&#8221;1\/2&#8243;][vc_custom_heading text=&#8221;STRA\u00dfENTRANSPORT&#8221; font_container=&#8221;tag:h2|text_align:left|color:%231e73be&#8221; use_theme_fonts=&#8221;yes&#8221;][vc_empty_space][vc_column_text] Mit \u00fcber 10\u202fJahren Erfahrung im Stra\u00dfeng\u00fcterverkehr steigern wir Ihre operative Effizienz und st\u00e4rken Ihre Logistikf\u00e4higkeiten. &nbsp; Als NAVIGA arbeiten wir mit einem Netzwerk renommierter Speditionsunternehmen zusammen, die auf Frachttransporte spezialisiert sind. Unser Team widmet sich&#8230;<\/p>\n","protected":false},"author":1,"featured_media":0,"parent":0,"menu_order":0,"comment_status":"closed","ping_status":"closed","template":"","meta":{"footnotes":""},"class_list":["post-1365","page","type-page","status-publish","hentry"],"_links":{"self":[{"href":"https:\/\/navigashipping.com\/de\/index.php?rest_route=\/wp\/v2\/pages\/1365"}],"collection":[{"href":"https:\/\/navigashipping.com\/de\/index.php?rest_route=\/wp\/v2\/pages"}],"about":[{"href":"https:\/\/navigashipping.com\/de\/index.php?rest_route=\/wp\/v2\/types\/page"}],"author":[{"embeddable":true,"href":"https:\/\/navigashipping.com\/de\/index.php?rest_route=\/wp\/v2\/users\/1"}],"replies":[{"embeddable":true,"href":"https:\/\/navigashipping.com\/de\/index.php?rest_route=%2Fwp%2Fv2%2Fcomments&post=1365"}],"version-history":[{"count":14,"href":"https:\/\/navigashipping.com\/de\/index.php?rest_route=\/wp\/v2\/pages\/1365\/revisions"}],"predecessor-version":[{"id":1531,"href":"https:\/\/navigashipping.com\/de\/index.php?rest_route=\/wp\/v2\/pages\/1365\/revisions\/1531"}],"wp:attachment":[{"href":"https:\/\/navigashipping.com\/de\/index.php?rest_route=%2Fwp%2Fv2%2Fmedia&parent=1365"}],"curies":[{"name":"wp","href":"https:\/\/api.w.org\/{rel}","templated":true}]}}