{"id":1372,"date":"2025-05-14T16:36:22","date_gmt":"2025-05-14T13:36:22","guid":{"rendered":"https:\/\/navigashipping.com\/de\/?page_id=1372"},"modified":"2025-07-05T19:03:19","modified_gmt":"2025-07-05T16:03:19","slug":"maritime-transportation","status":"publish","type":"page","link":"https:\/\/navigashipping.com\/de\/?page_id=1372","title":{"rendered":"SEEFRACHT"},"content":{"rendered":"<p>[vc_row][vc_column width=&#8221;1\/2&#8243;][vc_custom_heading text=&#8221;SEEFRACHT&#8221; font_container=&#8221;tag:h2|text_align:left|color:%231e73be&#8221; use_theme_fonts=&#8221;yes&#8221;][vc_empty_space][vc_column_text]<\/p>\n<h3 class=\"wp-block-heading\">UNSER ANSATZ<\/h3>\n<h5 class=\"wp-block-heading\">Wir beginnen mit einem strategisch aufgestellten, \u00e4u\u00dferst erfahrenen und engagierten Managementteam f\u00fcr Seetransporte. Glaub unterst\u00fctzt von einer integrierten Systemplattform bietet unser Team sowohl lokale Expertise als auch globale Einsichten entlang aller wichtigen Handelsrouten.<br \/>\nIn der wettbewerbsintensiven heutigen Zeit birgt das Management von Lieferketten komplexe Herausforderungen an jedem Ber\u00fchrungspunkt. F\u00fcr Seetransporte brauchen Sie einen zuverl\u00e4ssigen Partner, der Sie durch diese H\u00fcrden f\u00fchrt. Bei NAVIGA ist unser Strategischer Fahrplan, der konsistent hochwertige Services im internationalen Ma\u00dfstab sicherstellt, das Herzst\u00fcck der \u201eNAVIGA-Erfahrung\u201c.<\/h5>\n<h3 class=\"wp-block-heading\">MEHR ALS 10 JAHRE ERFAHRUNG<\/h3>\n<h5 class=\"wp-block-heading\">Mit \u00fcber 10\u202fJahren Erfahrung im Seetransport optimieren wir Ihre betrieblichen Abl\u00e4ufe und st\u00e4rken Ihre Logistikf\u00e4higkeiten.<\/h5>\n<h5 class=\"wp-block-heading\"><\/h5>\n<p>[\/vc_column_text][\/vc_column][vc_column width=&#8221;1\/2&#8243;][vc_empty_space][vc_single_image image=&#8221;1380&#8243; img_size=&#8221;full&#8221; alignment=&#8221;center&#8221;][\/vc_column][\/vc_row][vc_row][vc_column width=&#8221;1\/2&#8243;][vc_empty_space][vc_single_image image=&#8221;1382&#8243; img_size=&#8221;full&#8221; alignment=&#8221;center&#8221;][\/vc_column][vc_column width=&#8221;1\/2&#8243;][vc_empty_space][vc_column_text]<\/p>\n<h3 class=\"wp-block-heading\">REEFER-LOGISTIK<\/h3>\n<h5 class=\"wp-block-heading\">Wenn Sie temperaturempfindliche G\u00fcter versenden \u2013 sei es frisches Obst, Tiefk\u00fchlware, Meeresfr\u00fcchte oder Arzneimittel \u2013 ist ein verl\u00e4sslicher Logistikpartner unerl\u00e4sslich, um eine l\u00fcckenlose K\u00fchlkette vom Ursprung bis zum Ziel zu gew\u00e4hrleisten. Dank unserer Anbindung an alle f\u00fchrenden Reefer-Kapazit\u00e4ten garantieren wir die termingerechte und einwandfreie Ankunft Ihrer Sendungen bei NAVIGA.<\/h5>\n<p>[\/vc_column_text][\/vc_column][\/vc_row]<\/p>\n","protected":false},"excerpt":{"rendered":"<p>[vc_row][vc_column width=&#8221;1\/2&#8243;][vc_custom_heading text=&#8221;SEEFRACHT&#8221; font_container=&#8221;tag:h2|text_align:left|color:%231e73be&#8221; use_theme_fonts=&#8221;yes&#8221;][vc_empty_space][vc_column_text] UNSER ANSATZ Wir beginnen mit einem strategisch aufgestellten, \u00e4u\u00dferst erfahrenen und engagierten Managementteam f\u00fcr Seetransporte. Glaub unterst\u00fctzt von einer integrierten Systemplattform bietet unser Team sowohl lokale Expertise als auch globale Einsichten entlang aller wichtigen Handelsrouten&#8230;.<\/p>\n","protected":false},"author":1,"featured_media":0,"parent":0,"menu_order":0,"comment_status":"closed","ping_status":"closed","template":"","meta":{"footnotes":""},"class_list":["post-1372","page","type-page","status-publish","hentry"],"_links":{"self":[{"href":"https:\/\/navigashipping.com\/de\/index.php?rest_route=\/wp\/v2\/pages\/1372"}],"collection":[{"href":"https:\/\/navigashipping.com\/de\/index.php?rest_route=\/wp\/v2\/pages"}],"about":[{"href":"https:\/\/navigashipping.com\/de\/index.php?rest_route=\/wp\/v2\/types\/page"}],"author":[{"embeddable":true,"href":"https:\/\/navigashipping.com\/de\/index.php?rest_route=\/wp\/v2\/users\/1"}],"replies":[{"embeddable":true,"href":"https:\/\/navigashipping.com\/de\/index.php?rest_route=%2Fwp%2Fv2%2Fcomments&post=1372"}],"version-history":[{"count":16,"href":"https:\/\/navigashipping.com\/de\/index.php?rest_route=\/wp\/v2\/pages\/1372\/revisions"}],"predecessor-version":[{"id":1534,"href":"https:\/\/navigashipping.com\/de\/index.php?rest_route=\/wp\/v2\/pages\/1372\/revisions\/1534"}],"wp:attachment":[{"href":"https:\/\/navigashipping.com\/de\/index.php?rest_route=%2Fwp%2Fv2%2Fmedia&parent=1372"}],"curies":[{"name":"wp","href":"https:\/\/api.w.org\/{rel}","templated":true}]}}