{"id":1393,"date":"2025-05-14T17:26:14","date_gmt":"2025-05-14T14:26:14","guid":{"rendered":"https:\/\/navigashipping.com\/de\/?page_id=1393"},"modified":"2025-07-05T19:01:50","modified_gmt":"2025-07-05T16:01:50","slug":"air-transportation","status":"publish","type":"page","link":"https:\/\/navigashipping.com\/de\/?page_id=1393","title":{"rendered":"LUFTFRACHT"},"content":{"rendered":"<p>[vc_row][vc_column width=&#8221;1\/2&#8243;][vc_custom_heading text=&#8221;LUFTFRACHT&#8221; font_container=&#8221;tag:h2|text_align:left|color:%231e73be&#8221; use_theme_fonts=&#8221;yes&#8221;][vc_empty_space][vc_column_text]<\/p>\n<h5>Wir bieten umfassende Import- und Exportdienstleistungen von jedem Ort zu jedem anderen. Dank unseres weitreichenden Agentennetzwerks und regelm\u00e4\u00dfiger Verhandlungen mit Fluggesellschaften erzielen wir wettbewerbsf\u00e4hige Frachtkonditionen.<\/h5>\n<p>&nbsp;<\/p>\n<h5>Unser erfahrenes Team zeichnet sich durch hohe Kompetenz und Engagement aus, sorgt an Start\u00a0 und Endpunkten f\u00fcr schnelle, zuverl\u00e4ssige und kosteneffiziente Logistikl\u00f6sungen und f\u00fchrt alle Operationen gem\u00e4\u00df Ihrer spezifischen Anweisungen pr\u00e4zise aus.<\/h5>\n<h5 class=\"wp-block-heading\"><\/h5>\n<p>[\/vc_column_text][\/vc_column][vc_column width=&#8221;1\/2&#8243;][vc_empty_space][vc_single_image image=&#8221;1238&#8243; img_size=&#8221;full&#8221; alignment=&#8221;center&#8221;][\/vc_column][\/vc_row][vc_row][vc_column][vc_empty_space][\/vc_column][\/vc_row]<\/p>\n","protected":false},"excerpt":{"rendered":"<p>[vc_row][vc_column width=&#8221;1\/2&#8243;][vc_custom_heading text=&#8221;LUFTFRACHT&#8221; font_container=&#8221;tag:h2|text_align:left|color:%231e73be&#8221; use_theme_fonts=&#8221;yes&#8221;][vc_empty_space][vc_column_text] Wir bieten umfassende Import- und Exportdienstleistungen von jedem Ort zu jedem anderen. Dank unseres weitreichenden Agentennetzwerks und regelm\u00e4\u00dfiger Verhandlungen mit Fluggesellschaften erzielen wir wettbewerbsf\u00e4hige Frachtkonditionen. &nbsp; Unser erfahrenes Team zeichnet sich durch hohe Kompetenz und&#8230;<\/p>\n","protected":false},"author":1,"featured_media":0,"parent":0,"menu_order":0,"comment_status":"closed","ping_status":"closed","template":"","meta":{"footnotes":""},"class_list":["post-1393","page","type-page","status-publish","hentry"],"_links":{"self":[{"href":"https:\/\/navigashipping.com\/de\/index.php?rest_route=\/wp\/v2\/pages\/1393"}],"collection":[{"href":"https:\/\/navigashipping.com\/de\/index.php?rest_route=\/wp\/v2\/pages"}],"about":[{"href":"https:\/\/navigashipping.com\/de\/index.php?rest_route=\/wp\/v2\/types\/page"}],"author":[{"embeddable":true,"href":"https:\/\/navigashipping.com\/de\/index.php?rest_route=\/wp\/v2\/users\/1"}],"replies":[{"embeddable":true,"href":"https:\/\/navigashipping.com\/de\/index.php?rest_route=%2Fwp%2Fv2%2Fcomments&post=1393"}],"version-history":[{"count":5,"href":"https:\/\/navigashipping.com\/de\/index.php?rest_route=\/wp\/v2\/pages\/1393\/revisions"}],"predecessor-version":[{"id":1533,"href":"https:\/\/navigashipping.com\/de\/index.php?rest_route=\/wp\/v2\/pages\/1393\/revisions\/1533"}],"wp:attachment":[{"href":"https:\/\/navigashipping.com\/de\/index.php?rest_route=%2Fwp%2Fv2%2Fmedia&parent=1393"}],"curies":[{"name":"wp","href":"https:\/\/api.w.org\/{rel}","templated":true}]}}