{"id":1395,"date":"2025-05-14T17:27:55","date_gmt":"2025-05-14T14:27:55","guid":{"rendered":"https:\/\/navigashipping.com\/de\/?page_id=1395"},"modified":"2025-07-05T18:58:11","modified_gmt":"2025-07-05T15:58:11","slug":"storage-services","status":"publish","type":"page","link":"https:\/\/navigashipping.com\/de\/?page_id=1395","title":{"rendered":"LAGERHAUSDIENSTLEISTUNGEN"},"content":{"rendered":"<p>[vc_row][vc_column width=&#8221;1\/2&#8243;][vc_custom_heading text=&#8221;LAGERHAUSDIENSTLEISTUNGEN&#8221; font_container=&#8221;tag:h2|text_align:left|color:%231e73be&#8221; use_theme_fonts=&#8221;yes&#8221;][vc_empty_space][vc_column_text]<\/p>\n<h5 class=\"wp-block-heading\">Unsere Einrichtungen bieten \u00fcber 10\u202f000\u202fm\u00b2 hochwertige, temperaturgleiche Lagerfl\u00e4chen, ausgelegt f\u00fcr vielf\u00e4ltige logistische Anforderungen. Wir unterst\u00fctzen unterschiedliche Lagerbed\u00fcrfnisse \u2013 Standardpaletten, Regalsysteme, Konfektion, Rundl\u00e4ufer und Sch\u00fcttg\u00fcter.<\/h5>\n<p>[\/vc_column_text][\/vc_column][vc_column width=&#8221;1\/2&#8243;][vc_empty_space][vc_single_image image=&#8221;1397&#8243; img_size=&#8221;full&#8221; alignment=&#8221;center&#8221;][\/vc_column][\/vc_row][vc_row][vc_column][vc_empty_space][\/vc_column][\/vc_row]<\/p>\n","protected":false},"excerpt":{"rendered":"<p>[vc_row][vc_column width=&#8221;1\/2&#8243;][vc_custom_heading text=&#8221;LAGERHAUSDIENSTLEISTUNGEN&#8221; font_container=&#8221;tag:h2|text_align:left|color:%231e73be&#8221; use_theme_fonts=&#8221;yes&#8221;][vc_empty_space][vc_column_text] Unsere Einrichtungen bieten \u00fcber 10\u202f000\u202fm\u00b2 hochwertige, temperaturgleiche Lagerfl\u00e4chen, ausgelegt f\u00fcr vielf\u00e4ltige logistische Anforderungen. Wir unterst\u00fctzen unterschiedliche Lagerbed\u00fcrfnisse \u2013 Standardpaletten, Regalsysteme, Konfektion, Rundl\u00e4ufer und Sch\u00fcttg\u00fcter. [\/vc_column_text][\/vc_column][vc_column width=&#8221;1\/2&#8243;][vc_empty_space][vc_single_image image=&#8221;1397&#8243; img_size=&#8221;full&#8221; alignment=&#8221;center&#8221;][\/vc_column][\/vc_row][vc_row][vc_column][vc_empty_space][\/vc_column][\/vc_row]<\/p>\n","protected":false},"author":1,"featured_media":0,"parent":0,"menu_order":0,"comment_status":"closed","ping_status":"closed","template":"","meta":{"footnotes":""},"class_list":["post-1395","page","type-page","status-publish","hentry"],"_links":{"self":[{"href":"https:\/\/navigashipping.com\/de\/index.php?rest_route=\/wp\/v2\/pages\/1395"}],"collection":[{"href":"https:\/\/navigashipping.com\/de\/index.php?rest_route=\/wp\/v2\/pages"}],"about":[{"href":"https:\/\/navigashipping.com\/de\/index.php?rest_route=\/wp\/v2\/types\/page"}],"author":[{"embeddable":true,"href":"https:\/\/navigashipping.com\/de\/index.php?rest_route=\/wp\/v2\/users\/1"}],"replies":[{"embeddable":true,"href":"https:\/\/navigashipping.com\/de\/index.php?rest_route=%2Fwp%2Fv2%2Fcomments&post=1395"}],"version-history":[{"count":7,"href":"https:\/\/navigashipping.com\/de\/index.php?rest_route=\/wp\/v2\/pages\/1395\/revisions"}],"predecessor-version":[{"id":1528,"href":"https:\/\/navigashipping.com\/de\/index.php?rest_route=\/wp\/v2\/pages\/1395\/revisions\/1528"}],"wp:attachment":[{"href":"https:\/\/navigashipping.com\/de\/index.php?rest_route=%2Fwp%2Fv2%2Fmedia&parent=1395"}],"curies":[{"name":"wp","href":"https:\/\/api.w.org\/{rel}","templated":true}]}}