{"id":1411,"date":"2025-05-15T15:28:57","date_gmt":"2025-05-15T12:28:57","guid":{"rendered":"https:\/\/navigashipping.com\/de\/?page_id=1411"},"modified":"2025-07-05T19:04:57","modified_gmt":"2025-07-05T16:04:57","slug":"inspection-survey-services","status":"publish","type":"page","link":"https:\/\/navigashipping.com\/de\/?page_id=1411","title":{"rendered":"AUDIT  UND \u00dcBERWACHUNGSDIENSTLEISTUNGEN"},"content":{"rendered":"<p>[vc_row][vc_column width=&#8221;1\/2&#8243;][vc_custom_heading text=&#8221;AUDIT UND \u00dcBERWACHUNGSDIENSTLEISTUNGEN&#8221; font_container=&#8221;tag:h2|text_align:left|color:%231e73be&#8221; use_theme_fonts=&#8221;yes&#8221;][vc_empty_space][vc_column_text]<\/p>\n<h5>Unsere Dienstleistungen gew\u00e4hrleisten die Integrit\u00e4t, Sicherheit und Compliance Ihrer G\u00fcter in jeder Phase des logistischen Prozesses.<\/h5>\n<h5><\/h5>\n<h5>Vorversandkontrollen und Ladepr\u00fcfungen<\/h5>\n<h5>Schadensanalysen und Qualit\u00e4tskontrolle<\/h5>\n<h5>Objektive Berichte durch unsere Fachexperten<\/h5>\n<h5>Wir helfen Ihnen, Risiken zu minimieren, Dokumente zu verifizieren und die Einhaltung regulatorischer und vertraglicher Vorgaben sicherzustellen.<\/h5>\n<h5>Mit unserem Engagement f\u00fcr Genauigkeit und Transparenz garantieren wir, dass Ihre Sendungen mit h\u00f6chster Sorgfalt und Professionalit\u00e4t abgewickelt werden.<\/h5>\n<p>[\/vc_column_text][\/vc_column][vc_column width=&#8221;1\/2&#8243;][vc_empty_space][vc_single_image image=&#8221;1424&#8243; img_size=&#8221;full&#8221; alignment=&#8221;center&#8221;][\/vc_column][\/vc_row][vc_row][vc_column][vc_empty_space][\/vc_column][\/vc_row]<\/p>\n","protected":false},"excerpt":{"rendered":"<p>[vc_row][vc_column width=&#8221;1\/2&#8243;][vc_custom_heading text=&#8221;AUDIT UND \u00dcBERWACHUNGSDIENSTLEISTUNGEN&#8221; font_container=&#8221;tag:h2|text_align:left|color:%231e73be&#8221; use_theme_fonts=&#8221;yes&#8221;][vc_empty_space][vc_column_text] Unsere Dienstleistungen gew\u00e4hrleisten die Integrit\u00e4t, Sicherheit und Compliance Ihrer G\u00fcter in jeder Phase des logistischen Prozesses. Vorversandkontrollen und Ladepr\u00fcfungen Schadensanalysen und Qualit\u00e4tskontrolle Objektive Berichte durch unsere Fachexperten Wir helfen Ihnen, Risiken zu minimieren,&#8230;<\/p>\n","protected":false},"author":1,"featured_media":0,"parent":0,"menu_order":0,"comment_status":"closed","ping_status":"closed","template":"","meta":{"footnotes":""},"class_list":["post-1411","page","type-page","status-publish","hentry"],"_links":{"self":[{"href":"https:\/\/navigashipping.com\/de\/index.php?rest_route=\/wp\/v2\/pages\/1411"}],"collection":[{"href":"https:\/\/navigashipping.com\/de\/index.php?rest_route=\/wp\/v2\/pages"}],"about":[{"href":"https:\/\/navigashipping.com\/de\/index.php?rest_route=\/wp\/v2\/types\/page"}],"author":[{"embeddable":true,"href":"https:\/\/navigashipping.com\/de\/index.php?rest_route=\/wp\/v2\/users\/1"}],"replies":[{"embeddable":true,"href":"https:\/\/navigashipping.com\/de\/index.php?rest_route=%2Fwp%2Fv2%2Fcomments&post=1411"}],"version-history":[{"count":8,"href":"https:\/\/navigashipping.com\/de\/index.php?rest_route=\/wp\/v2\/pages\/1411\/revisions"}],"predecessor-version":[{"id":1536,"href":"https:\/\/navigashipping.com\/de\/index.php?rest_route=\/wp\/v2\/pages\/1411\/revisions\/1536"}],"wp:attachment":[{"href":"https:\/\/navigashipping.com\/de\/index.php?rest_route=%2Fwp%2Fv2%2Fmedia&parent=1411"}],"curies":[{"name":"wp","href":"https:\/\/api.w.org\/{rel}","templated":true}]}}