{"id":597,"date":"2014-11-11T11:09:47","date_gmt":"2014-11-11T08:09:47","guid":{"rendered":"http:\/\/anpsthemes.com\/constructo\/?page_id=5"},"modified":"2025-07-05T18:37:52","modified_gmt":"2025-07-05T15:37:52","slug":"home","status":"publish","type":"page","link":"https:\/\/navigashipping.com\/de\/","title":{"rendered":"ANASAYFA"},"content":{"rendered":"<p>[vc_row full_width=&#8221;stretch_row_content_no_spaces&#8221; has_content=&#8221;true&#8221; css=&#8221;.vc_custom_1748261667839{margin-top: -60px !important;}&#8221;][vc_column][vc_single_image image=&#8221;1462&#8243; img_size=&#8221;full&#8221; alignment=&#8221;center&#8221;][\/vc_column][\/vc_row][vc_row css=&#8221;.vc_custom_1469100805838{padding-top: 60px !important;padding-bottom: 60px !important;}&#8221; has_content=&#8221;true&#8221;][vc_column width=&#8221;1\/3&#8243;][vc_single_image image=&#8221;1237&#8243; img_size=&#8221;full&#8221; onclick=&#8221;custom_link&#8221; link=&#8221;#&#8221;]<h5 class='heading-left  divider-sm' ><span>IHRE LADUNGEN SIND UNSERE PRIORIT\u00c4T<\/span><\/h5>[vc_column_text]Wir bieten ein breites Spektrum an Transportdienstleistungen \u2013 von Projekttransporten \u00fcber internationale Transporte bis hin zur landesweiten Einzelhandelsverteilung und Lieferung.[\/vc_column_text][vc_empty_space][\/vc_column][vc_column width=&#8221;1\/3&#8243;][vc_single_image image=&#8221;1118&#8243; img_size=&#8221;full&#8221; onclick=&#8221;custom_link&#8221; link=&#8221;#&#8221;]<h5 class='heading-left  divider-sm' ><span>100\u202f% SICHERE LIEFERUNG<\/span><\/h5>[vc_column_text]Unsere Kapazit\u00e4t erm\u00f6glicht es, Projekte jeder Gr\u00f6\u00dfenordnung umzusetzen \u2013 von kleinen Einzeltransporten bis hin zu gro\u00dfen Industrieanlagen.[\/vc_column_text][vc_empty_space][\/vc_column][vc_column width=&#8221;1\/3&#8243;]<div class='featured-horizontal'><div class='featured-horizontal-header'><a href='https:\/\/navigashipping.com\/de\/?page_id=1372'><img alt='SEETRANSPORT' src='https:\/\/navigashipping.com\/de\/wp-content\/uploads\/2020\/09\/Fotolia_70457153_Subscription_Monthly_M-255x170-1.jpg'><\/a><\/div><div class='featured-horizontal-content'><a href='https:\/\/navigashipping.com\/de\/?page_id=1372'><h3 class='featured-horizontal-title'>SEETRANSPORT<\/h3><\/a><p class='featured-horizontal-desc'>Wir bieten weltweit sichere und effiziente L\u00f6sungen im Seeverkehr.<\/p><\/div><\/div><div class='featured-horizontal'><div class='featured-horizontal-header'><a href='https:\/\/navigashipping.com\/de\/?page_id=1393'><img alt='LUFTTRANSPORT' src='https:\/\/navigashipping.com\/de\/wp-content\/uploads\/2020\/09\/Fotolia_44261036_Subscription_Monthly_XL-255x170-1.jpg'><\/a><\/div><div class='featured-horizontal-content'><a href='https:\/\/navigashipping.com\/de\/?page_id=1393'><h3 class='featured-horizontal-title'>LUFTTRANSPORT<\/h3><\/a><p class='featured-horizontal-desc'>Schneller und sicherer Luftfrachtversand f\u00fcr globale Lieferungen.<\/p><\/div><\/div><div class='featured-horizontal'><div class='featured-horizontal-header'><a href='https:\/\/navigashipping.com\/de\/?page_id=1365'><img alt='STRA\u00dfENTRANSPORT' src='https:\/\/navigashipping.com\/de\/wp-content\/uploads\/2020\/09\/Fotolia_66820150_Subscription_Monthly_M-255x170-1.jpg'><\/a><\/div><div class='featured-horizontal-content'><a href='https:\/\/navigashipping.com\/de\/?page_id=1365'><h3 class='featured-horizontal-title'>STRA\u00dfENTRANSPORT<\/h3><\/a><p class='featured-horizontal-desc'>Zuverl\u00e4ssiger Stra\u00dfentransport.<\/p><\/div><\/div><div class='featured-horizontal'><div class='featured-horizontal-header'><a href='https:\/\/navigashipping.com\/de\/?page_id=1395'><img alt='LAGERHAUSDIENSTLEISTUNGEN' src='https:\/\/navigashipping.com\/de\/wp-content\/uploads\/2020\/09\/Fotolia_91953311_Subscription_Monthly_M-255x170-1.jpg'><\/a><\/div><div class='featured-horizontal-content'><a href='https:\/\/navigashipping.com\/de\/?page_id=1395'><h3 class='featured-horizontal-title'>LAGERHAUSDIENSTLEISTUNGEN<\/h3><\/a><p class='featured-horizontal-desc'>Sichere und flexible Lagerl\u00f6sungen.<\/p><\/div><\/div><div class='featured-horizontal'><div class='featured-horizontal-header'><a href='https:\/\/navigashipping.com\/de\/?page_id=1411'><img alt='\u00dcBERWACHUNGSDIENSTLEISTUNGEN' src='https:\/\/navigashipping.com\/de\/wp-content\/uploads\/2025\/05\/AAAAAA-1.jpg'><\/a><\/div><div class='featured-horizontal-content'><a href='https:\/\/navigashipping.com\/de\/?page_id=1411'><h3 class='featured-horizontal-title'>\u00dcBERWACHUNGSDIENSTLEISTUNGEN<\/h3><\/a><p class='featured-horizontal-desc'>Fachkundige \u00dcberwachung und Kontrolle der Ladequalit\u00e4t und Einhaltung von Standards.<\/p><\/div><\/div>[\/vc_column][\/vc_row][vc_row full_width=&#8221;stretch_row&#8221; css=&#8221;.vc_custom_1747148740187{padding-bottom: 50px !important;background-color: #1f425d !important;}&#8221; has_content=&#8221;inside&#8221;][vc_column][vc_empty_space][\/vc_column][\/vc_row][vc_row css=&#8221;.vc_custom_1418034361637{padding-top: 60px !important;}&#8221; has_content=&#8221;true&#8221;][vc_column width=&#8221;1\/3&#8243;]<div class=\"icon style-2 icon-left\">\r\n            <span>\r\n                <i class=\"fa fa-globe\"><\/i>\r\n                <h2>Weltweiter Transport<\/h2>\r\n                <h3 class=\"style-2\">Jede Destination<\/h3>\r\n            <\/span>\r\n            <p>Wir organisieren inl\u00e4ndische und internationale Konsolidierung, Komplett- und Teilfrachttransporte entsprechend Ihren Anforderungen.<\/p>\r\n    <\/div>[vc_empty_space height=&#8221;52px&#8221;]<div class=\"icon style-2 icon-left\">\r\n            <span>\r\n                <i class=\"fa fa-thumbs-o-up\"><\/i>\r\n                <h2>100\u202f% GARANTIE<\/h2>\r\n                <h3 class=\"style-2\">Wir stehen hinter unserer Servicequalit\u00e4t<\/h3>\r\n            <\/span>\r\n            <p>Die sichere und termingerechte Lieferung Ihrer Waren hat f\u00fcr uns oberste Priorit\u00e4t. Wir sind \u00fcberzeugt, dies mit unserem hochqualifizierten Personal und modernster Fahrzeugflotte zu gew\u00e4hrleisten.<\/p>\r\n    <\/div>[\/vc_column][vc_column width=&#8221;1\/3&#8243;]<div class=\"icon style-2 icon-left\">\r\n            <span>\r\n                <i class=\"fa fa-archive\"><\/i>\r\n                <h2>Ihre Fracht in Lagerung<\/h2>\r\n                <h3 class=\"style-2\">10000 m2 Lagerfl\u00e4che<\/h3>\r\n            <\/span>\r\n            <p>Unsere Kapazit\u00e4t bietet Ihnen die Freiheit, Ihre Ladung von der Einlagerung bis zur Auslieferung zu managen \u2013 ob klein oder gro\u00df.<\/p>\r\n    <\/div>[vc_empty_space height=&#8221;52px&#8221;]<div class=\"icon style-2 icon-left\">\r\n            <span>\r\n                <i class=\"fa fa-gear\"><\/i>\r\n                <h2>\u00dcberwachungsdienste<\/h2>\r\n                <h3 class=\"style-2\">Zuverl\u00e4ssige Inspektionen, klare Berichte<\/h3>\r\n            <\/span>\r\n            <p>Um sicherzustellen, dass Ihre Ladungen allen Standards entsprechen, bieten wir klare Berichte und verl\u00e4ssliche Audits an.<\/p>\r\n    <\/div>[\/vc_column][vc_column width=&#8221;1\/3&#8243;][vc_single_image image=&#8221;1167&#8243; img_size=&#8221;full&#8221;][vc_column_text]<\/p>\n<h4>10000m2 LAGERFL\u00c4CHE<\/h4>\n<p>Wir bieten Ihnen eine gro\u00dfe, beheizte und klimatisierte Lagerfl\u00e4che, in der Ihre Ladung auch \u00fcber lange Zeitr\u00e4ume sicher und ordentlich gelagert wird.[\/vc_column_text][\/vc_column][\/vc_row][vc_row full_width=&#8221;stretch_row&#8221; disable_element=&#8221;yes&#8221; has_content=&#8221;inside&#8221; css=&#8221;.vc_custom_1747147558724{margin-top: 60px !important;padding-top: 80px !important;padding-bottom: 100px !important;background-image: url(https:\/\/navigashipping.com\/de\/wp-content\/uploads\/2020\/09\/statement1.jpg?id=1165) !important;}&#8221;][\/vc_row][vc_column][\/vc_column]<\/p>\n","protected":false},"excerpt":{"rendered":"<p>[vc_row full_width=&#8221;stretch_row_content_no_spaces&#8221; has_content=&#8221;true&#8221; css=&#8221;.vc_custom_1748261667839{margin-top: -60px !important;}&#8221;][vc_column][vc_single_image image=&#8221;1462&#8243; img_size=&#8221;full&#8221; alignment=&#8221;center&#8221;][\/vc_column][\/vc_row][vc_row css=&#8221;.vc_custom_1469100805838{padding-top: 60px !important;padding-bottom: 60px !important;}&#8221; has_content=&#8221;true&#8221;][vc_column width=&#8221;1\/3&#8243;][vc_single_image image=&#8221;1237&#8243; img_size=&#8221;full&#8221; onclick=&#8221;custom_link&#8221; link=&#8221;#&#8221;][vc_column_text]Wir bieten ein breites Spektrum an Transportdienstleistungen \u2013 von Projekttransporten \u00fcber internationale Transporte bis hin zur landesweiten Einzelhandelsverteilung und Lieferung.[\/vc_column_text][vc_empty_space][\/vc_column][vc_column width=&#8221;1\/3&#8243;][vc_single_image&#8230;<\/p>\n","protected":false},"author":1,"featured_media":0,"parent":0,"menu_order":0,"comment_status":"closed","ping_status":"closed","template":"","meta":{"footnotes":""},"class_list":["post-597","page","type-page","status-publish","hentry"],"_links":{"self":[{"href":"https:\/\/navigashipping.com\/de\/index.php?rest_route=\/wp\/v2\/pages\/597"}],"collection":[{"href":"https:\/\/navigashipping.com\/de\/index.php?rest_route=\/wp\/v2\/pages"}],"about":[{"href":"https:\/\/navigashipping.com\/de\/index.php?rest_route=\/wp\/v2\/types\/page"}],"author":[{"embeddable":true,"href":"https:\/\/navigashipping.com\/de\/index.php?rest_route=\/wp\/v2\/users\/1"}],"replies":[{"embeddable":true,"href":"https:\/\/navigashipping.com\/de\/index.php?rest_route=%2Fwp%2Fv2%2Fcomments&post=597"}],"version-history":[{"count":68,"href":"https:\/\/navigashipping.com\/de\/index.php?rest_route=\/wp\/v2\/pages\/597\/revisions"}],"predecessor-version":[{"id":1524,"href":"https:\/\/navigashipping.com\/de\/index.php?rest_route=\/wp\/v2\/pages\/597\/revisions\/1524"}],"wp:attachment":[{"href":"https:\/\/navigashipping.com\/de\/index.php?rest_route=%2Fwp%2Fv2%2Fmedia&parent=597"}],"curies":[{"name":"wp","href":"https:\/\/api.w.org\/{rel}","templated":true}]}}