{"id":11,"date":"2014-11-11T11:14:05","date_gmt":"2014-11-11T11:14:05","guid":{"rendered":"http:\/\/anpsthemes.com\/constructo\/?page_id=11"},"modified":"2025-07-05T17:30:03","modified_gmt":"2025-07-05T14:30:03","slug":"hakkimizda","status":"publish","type":"page","link":"https:\/\/navigashipping.com\/tr\/?page_id=11","title":{"rendered":"HAKKIMIZDA"},"content":{"rendered":"<p>[vc_row][vc_column width=&#8221;1\/2&#8243;][vc_custom_heading text=&#8221;Biz Kimiz&#8221; font_container=&#8221;tag:h2|text_align:left|color:%231f425d&#8221; use_theme_fonts=&#8221;yes&#8221;][vc_column_text]<\/p>\n<div class=\"wpb_text_column wpb_content_element \">\n<div class=\"wpb_wrapper\">\n<div class=\"wp-block-group\">\n<div class=\"wp-block-group__inner-container is-layout-constrained wp-block-group-is-layout-constrained\">\n<h5>2013 y\u0131l\u0131nda kurulan Naviga Gemi Acenteli\u011fi, k\u0131sa s\u00fcrede uluslararas\u0131 ta\u015f\u0131mac\u0131l\u0131k sekt\u00f6r\u00fcnde \u00f6nde gelen bir isim haline gelmi\u015ftir. M\u00fckemmeliyete olan sars\u0131lmaz ba\u011fl\u0131l\u0131\u011f\u0131m\u0131z sayesinde, y\u00fck ta\u015f\u0131mac\u0131l\u0131\u011f\u0131nda g\u00fcvenilirlik ve verimlilik konusunda kendimize bir itibar kazanm\u0131\u015f bulunmaktay\u0131z. Motivasyonu y\u00fcksek, son derece yetenekli profesyonellerden olu\u015fan ekibimiz, operasyonlar\u0131m\u0131z\u0131n merkezinde yer almakta olup, deniz, hava ve kara yoluyla y\u00fcklerin g\u00fcvenli ve zaman\u0131nda ta\u015f\u0131nmas\u0131n\u0131 sa\u011flamak i\u00e7in kendini adam\u0131\u015ft\u0131r.<\/h5>\n<h5>Naviga olarak, k\u00fcresel lojistikteki karma\u015f\u0131kl\u0131klar\u0131 anl\u0131yor ve m\u00fc\u015fterilerimiz i\u00e7in ta\u015f\u0131ma s\u00fcrecini basitle\u015ftirmeye \u00e7al\u0131\u015f\u0131yoruz. Titiz planlamadan, hassas uygulamaya kadar, ta\u015f\u0131man\u0131n her a\u015famas\u0131n\u0131 en y\u00fcksek dikkat ve \u00f6zenle y\u00f6netiyoruz.<\/h5>\n<\/div>\n<\/div>\n<\/div>\n<\/div>\n<p>[\/vc_column_text][vc_empty_space][\/vc_column][vc_column width=&#8221;1\/2&#8243;][vc_custom_heading text=&#8221;&#8221; font_container=&#8221;tag:h2|text_align:left|color:%231f425d&#8221; use_theme_fonts=&#8221;yes&#8221;][vc_empty_space][vc_single_image image=&#8221;1441&#8243; img_size=&#8221;large&#8221;][\/vc_column][\/vc_row][vc_row][vc_column width=&#8221;1\/2&#8243;][vc_single_image image=&#8221;1449&#8243; img_size=&#8221;large&#8221;][vc_empty_space height=&#8221;52px&#8221;][vc_custom_heading text=&#8221;Neden Biz?&#8221; font_container=&#8221;tag:h2|text_align:left|color:%231f425d&#8221; use_theme_fonts=&#8221;yes&#8221;][vc_column_text]<\/p>\n<h5>Naviga\u2019y\u0131 se\u00e7mek, uluslararas\u0131 ta\u015f\u0131mac\u0131l\u0131kta uzman bir i\u015f orta\u011f\u0131 ile i\u015fbirli\u011fi yapmak demektir. \u0130\u015fte neden farkl\u0131y\u0131z:<\/h5>\n<p>[\/vc_column_text][vc_column_text]<\/p>\n<ul>\n<li>\n<h5><strong>Uzman Ekip:<\/strong> Y\u00fcksek becerilere sahip ve motive profesyonellerden olu\u015fan ekibimiz, geni\u015f bir uzmanl\u0131k yelpazesi ve m\u00fckemmeliyet taahh\u00fcd\u00fc ile y\u00fcklerinizi en y\u00fcksek \u00f6zen ve verimlilikle y\u00f6netir.<\/h5>\n<\/li>\n<li>\n<h5><strong>Kapsaml\u0131 \u00c7\u00f6z\u00fcmler:<\/strong> Deniz, hava ve kara yoluyla sundu\u011fumuz ta\u015f\u0131ma hizmetlerinin tamam\u0131, \u00f6zel ihtiya\u00e7lar\u0131n\u0131za g\u00f6re \u00f6zelle\u015ftirilmi\u015ftir. \u0130ster k\u00fc\u00e7\u00fck bir paket ister b\u00fcy\u00fck bir sevkiyat olsun, lojistik s\u00fcreci basitle\u015ftiren sorunsuz \u00e7\u00f6z\u00fcmler sunuyoruz.<\/h5>\n<\/li>\n<li>\n<h5><strong>G\u00fcvenilirlik:<\/strong> G\u00fcvenilirlik konusundaki itibar\u0131m\u0131z, mallar\u0131 g\u00fcvenli ve zaman\u0131nda teslim etme konusundaki tutarl\u0131 ge\u00e7mi\u015fimize dayanmaktad\u0131r. Teslimat s\u00fcrelerinin \u00f6nemini anl\u0131yor ve her sevkiyatta beklentilerinizi a\u015fmak i\u00e7in \u00e7aba sarf ediyoruz.<\/h5>\n<\/li>\n<li>\n<h5><strong>M\u00fc\u015fteri Odakl\u0131 Yakla\u015f\u0131m:<\/strong> \u0130htiya\u00e7lar\u0131n\u0131za \u00f6ncelik veriyor ve \u00f6zel lojistik stratejileri geli\u015ftirmek i\u00e7in sizinle yak\u0131n bir \u015fekilde \u00e7al\u0131\u015f\u0131yoruz. Amac\u0131m\u0131z, i\u015finiz i\u00e7in de\u011fer yaratmak ve ta\u015f\u0131ma s\u00fcreci boyunca size g\u00fcvence sa\u011flamakt\u0131r.<\/h5>\n<\/li>\n<li>\n<h5><strong>Yenilik\u00e7i \u00c7\u00f6z\u00fcmler:<\/strong> En son teknolojiyi benimseyerek ve s\u00fcre\u00e7lerimizi s\u00fcrekli iyile\u015ftirerek sekt\u00f6rdeki geli\u015fmeleri takip ediyoruz. Yenilik\u00e7ilik taahh\u00fcd\u00fcm\u00fcz, en verimli ve etkili ta\u015f\u0131mac\u0131l\u0131k \u00e7\u00f6z\u00fcmlerinden faydalanman\u0131z\u0131 sa\u011flar.<\/h5>\n<\/li>\n<li>\n<h5><strong>K\u00fcresel Eri\u015fim:<\/strong> Uluslararas\u0131 ta\u015f\u0131mac\u0131l\u0131kta sayg\u0131n bir isim olarak, d\u00fcnya \u00e7ap\u0131nda sevkiyatlar\u0131 y\u00f6netme yetene\u011fine ve a\u011f\u0131m\u0131za sahibiz. Y\u00fck\u00fcn\u00fcz nereye gitmesi gerekiyorsa, oraya sorunsuz bir \u015fekilde ula\u015fmas\u0131 i\u00e7in gereken kaynaklara sahibiz.<\/h5>\n<\/li>\n<\/ul>\n<h5>Naviga&#8217;y\u0131 se\u00e7erek, g\u00fcvenilir, verimli ve yenilik\u00e7i lojistik \u00e7\u00f6z\u00fcmleri ile i\u015finizi geli\u015ftirmeye odaklanm\u0131\u015f bir i\u015f orta\u011f\u0131 kazan\u0131rs\u0131n\u0131z.<\/h5>\n<p>[\/vc_column_text][vc_empty_space height=&#8221;52px&#8221;][\/vc_column][vc_column width=&#8221;1\/2&#8243;][vc_custom_heading text=&#8221;Misyonumuz&#8221; font_container=&#8221;tag:h2|text_align:left|color:%231f425d&#8221; use_theme_fonts=&#8221;yes&#8221;][vc_column_text]<\/p>\n<h5 class=\"wp-block-heading\">Naviga olarak, misyonumuz, deniz, hava ve kara yoluyla y\u00fcklerin g\u00fcvenli ve zaman\u0131nda ta\u015f\u0131nmas\u0131n\u0131 sa\u011flayarak, rakipsiz uluslararas\u0131 ta\u015f\u0131mac\u0131l\u0131k hizmetleri sunmakt\u0131r. Ta\u015f\u0131ma s\u00fcrecini basitle\u015ftiren ve m\u00fc\u015fterilerimizin beklentilerini a\u015fan g\u00fcvenilir, verimli ve \u00f6zelle\u015ftirilmi\u015f lojistik \u00e7\u00f6z\u00fcmleri sa\u011flama taahh\u00fcd\u00fcm\u00fczd\u00fcr. Uzman ekibimiz, her a\u015famada ta\u015f\u0131man\u0131n \u00f6zenle ve hassasiyetle yap\u0131lmas\u0131n\u0131 sa\u011flayarak i\u015finizi geli\u015ftirmeye odaklanm\u0131\u015ft\u0131r.<\/h5>\n<p>[\/vc_column_text][vc_empty_space][vc_custom_heading text=&#8221;Vizyonumuz&#8221; font_container=&#8221;tag:h2|text_align:left|color:%231f425d&#8221; use_theme_fonts=&#8221;yes&#8221;][vc_column_text]<\/p>\n<h5 class=\"wp-block-heading\">Vizyonumuz, lojistik ve y\u00fck ta\u015f\u0131mac\u0131l\u0131\u011f\u0131 hizmetlerinde k\u00fcresel lider olmak, yenilik\u00e7ilik, g\u00fcvenilirlik ve m\u00fc\u015fteri odakl\u0131 yakla\u015f\u0131m\u0131m\u0131zla tan\u0131nmakt\u0131r. S\u00fcrekli olarak operasyonlar\u0131m\u0131z\u0131 geli\u015ftirerek ve yeni teknolojileri benimseyerek sekt\u00f6rdeki \u00e7\u0131tay\u0131 y\u00fckseltmeyi hedefliyoruz. Naviga, sorunsuz ve verimli ta\u015f\u0131ma \u00e7\u00f6z\u00fcmleri arayan i\u015fletmeler i\u00e7in d\u00fcnya \u00e7ap\u0131nda tercih edilen bir se\u00e7enek haline gelmeyi ama\u00e7lamaktad\u0131r.<\/h5>\n<p>[\/vc_column_text][vc_empty_space][vc_empty_space height=&#8221;70px&#8221;][vc_single_image image=&#8221;1451&#8243; img_size=&#8221;large&#8221;][\/vc_column][\/vc_row]<\/p>\n","protected":false},"excerpt":{"rendered":"<p>[vc_row][vc_column width=&#8221;1\/2&#8243;][vc_custom_heading text=&#8221;Biz Kimiz&#8221; font_container=&#8221;tag:h2|text_align:left|color:%231f425d&#8221; use_theme_fonts=&#8221;yes&#8221;][vc_column_text] 2013 y\u0131l\u0131nda kurulan Naviga Gemi Acenteli\u011fi, k\u0131sa s\u00fcrede uluslararas\u0131 ta\u015f\u0131mac\u0131l\u0131k sekt\u00f6r\u00fcnde \u00f6nde gelen bir isim haline gelmi\u015ftir. M\u00fckemmeliyete olan sars\u0131lmaz ba\u011fl\u0131l\u0131\u011f\u0131m\u0131z sayesinde, y\u00fck ta\u015f\u0131mac\u0131l\u0131\u011f\u0131nda g\u00fcvenilirlik ve verimlilik konusunda kendimize bir itibar kazanm\u0131\u015f bulunmaktay\u0131z. Motivasyonu&#8230;<\/p>\n","protected":false},"author":1,"featured_media":0,"parent":0,"menu_order":0,"comment_status":"closed","ping_status":"closed","template":"","meta":{"footnotes":""},"class_list":["post-11","page","type-page","status-publish","hentry"],"_links":{"self":[{"href":"https:\/\/navigashipping.com\/tr\/index.php?rest_route=\/wp\/v2\/pages\/11"}],"collection":[{"href":"https:\/\/navigashipping.com\/tr\/index.php?rest_route=\/wp\/v2\/pages"}],"about":[{"href":"https:\/\/navigashipping.com\/tr\/index.php?rest_route=\/wp\/v2\/types\/page"}],"author":[{"embeddable":true,"href":"https:\/\/navigashipping.com\/tr\/index.php?rest_route=\/wp\/v2\/users\/1"}],"replies":[{"embeddable":true,"href":"https:\/\/navigashipping.com\/tr\/index.php?rest_route=%2Fwp%2Fv2%2Fcomments&post=11"}],"version-history":[{"count":58,"href":"https:\/\/navigashipping.com\/tr\/index.php?rest_route=\/wp\/v2\/pages\/11\/revisions"}],"predecessor-version":[{"id":1513,"href":"https:\/\/navigashipping.com\/tr\/index.php?rest_route=\/wp\/v2\/pages\/11\/revisions\/1513"}],"wp:attachment":[{"href":"https:\/\/navigashipping.com\/tr\/index.php?rest_route=%2Fwp%2Fv2%2Fmedia&parent=11"}],"curies":[{"name":"wp","href":"https:\/\/api.w.org\/{rel}","templated":true}]}}