{"id":1372,"date":"2025-05-14T16:36:22","date_gmt":"2025-05-14T13:36:22","guid":{"rendered":"https:\/\/navigashipping.com\/tr\/?page_id=1372"},"modified":"2025-07-05T15:50:36","modified_gmt":"2025-07-05T12:50:36","slug":"maritime-transportation","status":"publish","type":"page","link":"https:\/\/navigashipping.com\/tr\/?page_id=1372","title":{"rendered":"GEM\u0130 TA\u015eIMACILI\u011eI"},"content":{"rendered":"<p>[vc_row][vc_column width=&#8221;1\/2&#8243;][vc_custom_heading text=&#8221;GEM\u0130 TA\u015eIMACILI\u011eI&#8221; font_container=&#8221;tag:h2|text_align:left|color:%231e73be&#8221; use_theme_fonts=&#8221;yes&#8221;][vc_empty_space][vc_column_text]<\/p>\n<h3 class=\"wp-block-heading\">YAKLA\u015eIMIMIZ<\/h3>\n<h5 class=\"wp-block-heading\">Stratejik olarak konumlanm\u0131\u015f, son derece deneyimli ve \u00f6zverili bir deniz ta\u015f\u0131mac\u0131l\u0131\u011f\u0131 y\u00f6netim ekibi ile ba\u015fl\u0131yoruz. Birle\u015fik bir sistem platformu taraf\u0131ndan desteklenen ekibimiz, t\u00fcm ana ticaret yollar\u0131nda hem \u00f6zel yerel uzmanl\u0131k hem de k\u00fcresel i\u00e7g\u00f6r\u00fc sunmaktad\u0131r.<br \/>\nBug\u00fcn\u00fcn rekabet\u00e7i ortam\u0131nda, tedarik zincirinin karma\u015f\u0131kl\u0131klar\u0131n\u0131 y\u00f6netmek, her temas noktas\u0131nda say\u0131s\u0131z zorlukla kar\u015f\u0131la\u015fmay\u0131 beraberinde getiriyor. Deniz yoluyla ta\u015f\u0131mac\u0131l\u0131k yaparken, kar\u015f\u0131la\u015ft\u0131\u011f\u0131n\u0131z engelleri a\u015fman\u0131za yard\u0131mc\u0131 olacak g\u00fcvenilir bir i\u015f orta\u011f\u0131na ihtiyac\u0131n\u0131z var. NAVIGA&#8217;da, k\u00fcresel \u00f6l\u00e7ekte tutarl\u0131 ve y\u00fcksek kaliteli hizmetler sunmak, Stratejik Yol Haritam\u0131z 2026&#8217;n\u0131n temel ta\u015flar\u0131ndan biridir ve \u2018NAVIGA Deneyimi\u2019nin \u00f6z\u00fcn\u00fc yans\u0131tmaktad\u0131r.<\/h5>\n<h3 class=\"wp-block-heading\">10+ YIL TECR\u00dcBE<\/h3>\n<h5 class=\"wp-block-heading\">Deniz ta\u015f\u0131mac\u0131l\u0131\u011f\u0131nda on y\u0131l\u0131 a\u015fk\u0131n deneyimle, operasyonel verimlili\u011finizi optimize ediyor ve lojistik yeteneklerinizi y\u00fckseltiyoruz.<\/h5>\n<h5 class=\"wp-block-heading\"><\/h5>\n<p>[\/vc_column_text][\/vc_column][vc_column width=&#8221;1\/2&#8243;][vc_empty_space][vc_single_image image=&#8221;1380&#8243; img_size=&#8221;full&#8221; alignment=&#8221;center&#8221;][\/vc_column][\/vc_row][vc_row][vc_column width=&#8221;1\/2&#8243;][vc_empty_space][vc_single_image image=&#8221;1382&#8243; img_size=&#8221;full&#8221; alignment=&#8221;center&#8221;][\/vc_column][vc_column width=&#8221;1\/2&#8243;][vc_empty_space][vc_column_text]<\/p>\n<h3 class=\"wp-block-heading\">REEFER LOJ\u0130ST\u0130\u011e\u0130<\/h3>\n<h5 class=\"wp-block-heading\">S\u0131cakl\u0131k hassasiyetine sahip mallar\u0131n\u0131z\u0131 g\u00f6nderirken, g\u00fcvenilir bir lojistik orta\u011f\u0131, so\u011fuk zincir ta\u015f\u0131mac\u0131l\u0131\u011f\u0131n\u0131n ba\u015flang\u0131\u00e7 noktas\u0131ndan hedefe kadar sorunsuz bir \u015fekilde ger\u00e7ekle\u015fmesini sa\u011flamak i\u00e7in gereklidir. Taze meyveler, donmu\u015f et ve deniz \u00fcr\u00fcnleri veya ila\u00e7 ta\u015f\u0131mac\u0131l\u0131\u011f\u0131 yap\u0131yor olsan\u0131z da, \u00f6zel hizmet ihtiya\u00e7lar\u0131n\u0131za g\u00f6re uyarlanabilir \u00e7\u00f6z\u00fcmler sunuyoruz. T\u00fcm ana reefer ta\u015f\u0131y\u0131c\u0131lar\u0131na eri\u015fimimizle, NAVIGA g\u00f6nderilerinizin zaman\u0131nda ve en uygun durumda varmas\u0131n\u0131 garanti eder.<\/h5>\n<p>[\/vc_column_text][\/vc_column][\/vc_row]<\/p>\n","protected":false},"excerpt":{"rendered":"<p>[vc_row][vc_column width=&#8221;1\/2&#8243;][vc_custom_heading text=&#8221;GEM\u0130 TA\u015eIMACILI\u011eI&#8221; font_container=&#8221;tag:h2|text_align:left|color:%231e73be&#8221; use_theme_fonts=&#8221;yes&#8221;][vc_empty_space][vc_column_text] YAKLA\u015eIMIMIZ Stratejik olarak konumlanm\u0131\u015f, son derece deneyimli ve \u00f6zverili bir deniz ta\u015f\u0131mac\u0131l\u0131\u011f\u0131 y\u00f6netim ekibi ile ba\u015fl\u0131yoruz. Birle\u015fik bir sistem platformu taraf\u0131ndan desteklenen ekibimiz, t\u00fcm ana ticaret yollar\u0131nda hem \u00f6zel yerel uzmanl\u0131k hem de k\u00fcresel&#8230;<\/p>\n","protected":false},"author":1,"featured_media":0,"parent":0,"menu_order":0,"comment_status":"closed","ping_status":"closed","template":"","meta":{"footnotes":""},"class_list":["post-1372","page","type-page","status-publish","hentry"],"_links":{"self":[{"href":"https:\/\/navigashipping.com\/tr\/index.php?rest_route=\/wp\/v2\/pages\/1372"}],"collection":[{"href":"https:\/\/navigashipping.com\/tr\/index.php?rest_route=\/wp\/v2\/pages"}],"about":[{"href":"https:\/\/navigashipping.com\/tr\/index.php?rest_route=\/wp\/v2\/types\/page"}],"author":[{"embeddable":true,"href":"https:\/\/navigashipping.com\/tr\/index.php?rest_route=\/wp\/v2\/users\/1"}],"replies":[{"embeddable":true,"href":"https:\/\/navigashipping.com\/tr\/index.php?rest_route=%2Fwp%2Fv2%2Fcomments&post=1372"}],"version-history":[{"count":14,"href":"https:\/\/navigashipping.com\/tr\/index.php?rest_route=\/wp\/v2\/pages\/1372\/revisions"}],"predecessor-version":[{"id":1493,"href":"https:\/\/navigashipping.com\/tr\/index.php?rest_route=\/wp\/v2\/pages\/1372\/revisions\/1493"}],"wp:attachment":[{"href":"https:\/\/navigashipping.com\/tr\/index.php?rest_route=%2Fwp%2Fv2%2Fmedia&parent=1372"}],"curies":[{"name":"wp","href":"https:\/\/api.w.org\/{rel}","templated":true}]}}