{"id":1393,"date":"2025-05-14T17:26:14","date_gmt":"2025-05-14T14:26:14","guid":{"rendered":"https:\/\/navigashipping.com\/tr\/?page_id=1393"},"modified":"2025-07-05T15:53:20","modified_gmt":"2025-07-05T12:53:20","slug":"air-transportation","status":"publish","type":"page","link":"https:\/\/navigashipping.com\/tr\/?page_id=1393","title":{"rendered":"HAVA TA\u015eIMACILI\u011eI"},"content":{"rendered":"<p>[vc_row][vc_column width=&#8221;1\/2&#8243;][vc_custom_heading text=&#8221;HAVA TA\u015eIMACILI\u011eI&#8221; font_container=&#8221;tag:h2|text_align:left|color:%231e73be&#8221; use_theme_fonts=&#8221;yes&#8221;][vc_empty_space][vc_column_text]<\/p>\n<h5 class=\"wp-block-heading\">Her lokasyondan, her lokasyona kapsaml\u0131 ithalat ve ihracat hizmetleri sunmaktay\u0131z. Geni\u015f kapsaml\u0131 profesyonel acente a\u011f\u0131m\u0131z ve havayolu \u015firketleriyle her ay ger\u00e7ekle\u015ftirdi\u011fimiz m\u00fczakereler neticesinde elde etti\u011fimiz rekabet\u00e7i navlun oranlar\u0131 sayesinde bu hizmetleri etkin bir \u015fekilde sa\u011flamaktay\u0131z. Uzmanl\u0131klar\u0131 ve y\u00fcksek ba\u011fl\u0131l\u0131klar\u0131yla \u00f6ne \u00e7\u0131kan deneyimli ekiplerimiz, kalk\u0131\u015f ve var\u0131\u015f noktalar\u0131nda h\u0131zl\u0131, g\u00fcvenilir ve maliyet a\u00e7\u0131s\u0131ndan etkin lojistik \u00e7\u00f6z\u00fcmler sunmakta; t\u00fcm operasyonlar\u0131n\u0131 m\u00fc\u015fterilerimizin \u00f6zel talimatlar\u0131 do\u011frultusunda titizlikle y\u00fcr\u00fctmektedir.<\/h5>\n<h5 class=\"wp-block-heading\"><\/h5>\n<p>[\/vc_column_text][\/vc_column][vc_column width=&#8221;1\/2&#8243;][vc_empty_space][vc_single_image image=&#8221;1238&#8243; img_size=&#8221;full&#8221; alignment=&#8221;center&#8221;][\/vc_column][\/vc_row][vc_row][vc_column][vc_empty_space][\/vc_column][\/vc_row]<\/p>\n","protected":false},"excerpt":{"rendered":"<p>[vc_row][vc_column width=&#8221;1\/2&#8243;][vc_custom_heading text=&#8221;HAVA TA\u015eIMACILI\u011eI&#8221; font_container=&#8221;tag:h2|text_align:left|color:%231e73be&#8221; use_theme_fonts=&#8221;yes&#8221;][vc_empty_space][vc_column_text] Her lokasyondan, her lokasyona kapsaml\u0131 ithalat ve ihracat hizmetleri sunmaktay\u0131z. Geni\u015f kapsaml\u0131 profesyonel acente a\u011f\u0131m\u0131z ve havayolu \u015firketleriyle her ay ger\u00e7ekle\u015ftirdi\u011fimiz m\u00fczakereler neticesinde elde etti\u011fimiz rekabet\u00e7i navlun oranlar\u0131 sayesinde bu hizmetleri etkin bir \u015fekilde&#8230;<\/p>\n","protected":false},"author":1,"featured_media":0,"parent":0,"menu_order":0,"comment_status":"closed","ping_status":"closed","template":"","meta":{"footnotes":""},"class_list":["post-1393","page","type-page","status-publish","hentry"],"_links":{"self":[{"href":"https:\/\/navigashipping.com\/tr\/index.php?rest_route=\/wp\/v2\/pages\/1393"}],"collection":[{"href":"https:\/\/navigashipping.com\/tr\/index.php?rest_route=\/wp\/v2\/pages"}],"about":[{"href":"https:\/\/navigashipping.com\/tr\/index.php?rest_route=\/wp\/v2\/types\/page"}],"author":[{"embeddable":true,"href":"https:\/\/navigashipping.com\/tr\/index.php?rest_route=\/wp\/v2\/users\/1"}],"replies":[{"embeddable":true,"href":"https:\/\/navigashipping.com\/tr\/index.php?rest_route=%2Fwp%2Fv2%2Fcomments&post=1393"}],"version-history":[{"count":3,"href":"https:\/\/navigashipping.com\/tr\/index.php?rest_route=\/wp\/v2\/pages\/1393\/revisions"}],"predecessor-version":[{"id":1496,"href":"https:\/\/navigashipping.com\/tr\/index.php?rest_route=\/wp\/v2\/pages\/1393\/revisions\/1496"}],"wp:attachment":[{"href":"https:\/\/navigashipping.com\/tr\/index.php?rest_route=%2Fwp%2Fv2%2Fmedia&parent=1393"}],"curies":[{"name":"wp","href":"https:\/\/api.w.org\/{rel}","templated":true}]}}