{"id":1395,"date":"2025-05-14T17:27:55","date_gmt":"2025-05-14T14:27:55","guid":{"rendered":"https:\/\/navigashipping.com\/tr\/?page_id=1395"},"modified":"2025-07-05T16:54:35","modified_gmt":"2025-07-05T13:54:35","slug":"storage-services","status":"publish","type":"page","link":"https:\/\/navigashipping.com\/tr\/?page_id=1395","title":{"rendered":"DEPOLAMA H\u0130ZMETLER\u0130"},"content":{"rendered":"<p>[vc_row][vc_column width=&#8221;1\/2&#8243;][vc_custom_heading text=&#8221;DEPOLAMA H\u0130ZMETLER\u0130&#8221; font_container=&#8221;tag:h2|text_align:left|color:%231e73be&#8221; use_theme_fonts=&#8221;yes&#8221;][vc_empty_space][vc_column_text]<\/p>\n<h5 class=\"wp-block-heading\">Tesislerimiz, \u00e7e\u015fitli lojistik ihtiya\u00e7lar\u0131 kar\u015f\u0131lamak \u00fczere tasarlanm\u0131\u015f, 10.000 metrekareyi a\u015fk\u0131n y\u00fcksek kaliteli \u00e7ok s\u0131cakl\u0131kl\u0131 depolama alan\u0131n\u0131 kapsamaktad\u0131r. Standart paletler, raf sistemleri, ask\u0131l\u0131 giysiler ve d\u00f6kme \u00fcr\u00fcnler d\u00e2hil olmak \u00fczere \u00e7e\u015fitli depolama ihtiya\u00e7lar\u0131na hizmet vermekteyiz.<\/h5>\n<p>[\/vc_column_text][\/vc_column][vc_column width=&#8221;1\/2&#8243;][vc_empty_space][vc_single_image image=&#8221;1397&#8243; img_size=&#8221;full&#8221; alignment=&#8221;center&#8221;][\/vc_column][\/vc_row][vc_row][vc_column][vc_empty_space][\/vc_column][\/vc_row]<\/p>\n","protected":false},"excerpt":{"rendered":"<p>[vc_row][vc_column width=&#8221;1\/2&#8243;][vc_custom_heading text=&#8221;DEPOLAMA H\u0130ZMETLER\u0130&#8221; font_container=&#8221;tag:h2|text_align:left|color:%231e73be&#8221; use_theme_fonts=&#8221;yes&#8221;][vc_empty_space][vc_column_text] Tesislerimiz, \u00e7e\u015fitli lojistik ihtiya\u00e7lar\u0131 kar\u015f\u0131lamak \u00fczere tasarlanm\u0131\u015f, 10.000 metrekareyi a\u015fk\u0131n y\u00fcksek kaliteli \u00e7ok s\u0131cakl\u0131kl\u0131 depolama alan\u0131n\u0131 kapsamaktad\u0131r. Standart paletler, raf sistemleri, ask\u0131l\u0131 giysiler ve d\u00f6kme \u00fcr\u00fcnler d\u00e2hil olmak \u00fczere \u00e7e\u015fitli depolama ihtiya\u00e7lar\u0131na hizmet vermekteyiz&#8230;.<\/p>\n","protected":false},"author":1,"featured_media":0,"parent":0,"menu_order":0,"comment_status":"closed","ping_status":"closed","template":"","meta":{"footnotes":""},"class_list":["post-1395","page","type-page","status-publish","hentry"],"_links":{"self":[{"href":"https:\/\/navigashipping.com\/tr\/index.php?rest_route=\/wp\/v2\/pages\/1395"}],"collection":[{"href":"https:\/\/navigashipping.com\/tr\/index.php?rest_route=\/wp\/v2\/pages"}],"about":[{"href":"https:\/\/navigashipping.com\/tr\/index.php?rest_route=\/wp\/v2\/types\/page"}],"author":[{"embeddable":true,"href":"https:\/\/navigashipping.com\/tr\/index.php?rest_route=\/wp\/v2\/users\/1"}],"replies":[{"embeddable":true,"href":"https:\/\/navigashipping.com\/tr\/index.php?rest_route=%2Fwp%2Fv2%2Fcomments&post=1395"}],"version-history":[{"count":5,"href":"https:\/\/navigashipping.com\/tr\/index.php?rest_route=\/wp\/v2\/pages\/1395\/revisions"}],"predecessor-version":[{"id":1501,"href":"https:\/\/navigashipping.com\/tr\/index.php?rest_route=\/wp\/v2\/pages\/1395\/revisions\/1501"}],"wp:attachment":[{"href":"https:\/\/navigashipping.com\/tr\/index.php?rest_route=%2Fwp%2Fv2%2Fmedia&parent=1395"}],"curies":[{"name":"wp","href":"https:\/\/api.w.org\/{rel}","templated":true}]}}