{"id":1411,"date":"2025-05-15T15:28:57","date_gmt":"2025-05-15T12:28:57","guid":{"rendered":"https:\/\/navigashipping.com\/tr\/?page_id=1411"},"modified":"2025-07-05T17:24:23","modified_gmt":"2025-07-05T14:24:23","slug":"inspection-survey-services","status":"publish","type":"page","link":"https:\/\/navigashipping.com\/tr\/?page_id=1411","title":{"rendered":"G\u00d6ZET\u0130M H\u0130ZMETLER\u0130"},"content":{"rendered":"<p>[vc_row][vc_column width=&#8221;1\/2&#8243;][vc_custom_heading text=&#8221;G\u00d6ZET\u0130M H\u0130ZMETLER\u0130&#8221; font_container=&#8221;tag:h2|text_align:left|color:%231e73be&#8221; use_theme_fonts=&#8221;yes&#8221;][vc_empty_space][vc_column_text]<\/p>\n<h5>Denetim ve G\u00f6zetim Hizmetlerimiz, lojistik s\u00fcrecin her a\u015famas\u0131nda mallar\u0131n b\u00fct\u00fcnl\u00fc\u011f\u00fcn\u00fc, g\u00fcvenli\u011fini ve uyumunu sa\u011flar. Sevkiyat \u00f6ncesi incelemeler ve y\u00fckleme denetimlerinden, hasar de\u011ferlendirmeleri ve kalite kontrol\u00fcne kadar, uzman denet\u00e7ilerimiz do\u011fru ve tarafs\u0131z raporlar sunarak bilin\u00e7li kararlar alman\u0131za destek olur. Riskleri minimize etmeye, belgeleri do\u011frulamaya ve y\u00fcklerin t\u00fcm d\u00fczenleyici ve s\u00f6zle\u015fmesel gerekliliklere uygunlu\u011funu sa\u011flamaya yard\u0131mc\u0131 oluruz. Hassasiyet ve \u015feffafl\u0131k taahh\u00fcd\u00fc ile, g\u00f6nderilerinizin en y\u00fcksek bak\u0131m ve profesyonellik standartlar\u0131yla i\u015flendi\u011finden emin olman\u0131z\u0131 sa\u011flar\u0131z.<\/h5>\n<p>[\/vc_column_text][\/vc_column][vc_column width=&#8221;1\/2&#8243;][vc_empty_space][vc_single_image image=&#8221;1424&#8243; img_size=&#8221;full&#8221; alignment=&#8221;center&#8221;][\/vc_column][\/vc_row][vc_row][vc_column][vc_empty_space][\/vc_column][\/vc_row]<\/p>\n","protected":false},"excerpt":{"rendered":"<p>[vc_row][vc_column width=&#8221;1\/2&#8243;][vc_custom_heading text=&#8221;G\u00d6ZET\u0130M H\u0130ZMETLER\u0130&#8221; font_container=&#8221;tag:h2|text_align:left|color:%231e73be&#8221; use_theme_fonts=&#8221;yes&#8221;][vc_empty_space][vc_column_text] Denetim ve G\u00f6zetim Hizmetlerimiz, lojistik s\u00fcrecin her a\u015famas\u0131nda mallar\u0131n b\u00fct\u00fcnl\u00fc\u011f\u00fcn\u00fc, g\u00fcvenli\u011fini ve uyumunu sa\u011flar. Sevkiyat \u00f6ncesi incelemeler ve y\u00fckleme denetimlerinden, hasar de\u011ferlendirmeleri ve kalite kontrol\u00fcne kadar, uzman denet\u00e7ilerimiz do\u011fru ve tarafs\u0131z raporlar sunarak bilin\u00e7li&#8230;<\/p>\n","protected":false},"author":1,"featured_media":0,"parent":0,"menu_order":0,"comment_status":"closed","ping_status":"closed","template":"","meta":{"footnotes":""},"class_list":["post-1411","page","type-page","status-publish","hentry"],"_links":{"self":[{"href":"https:\/\/navigashipping.com\/tr\/index.php?rest_route=\/wp\/v2\/pages\/1411"}],"collection":[{"href":"https:\/\/navigashipping.com\/tr\/index.php?rest_route=\/wp\/v2\/pages"}],"about":[{"href":"https:\/\/navigashipping.com\/tr\/index.php?rest_route=\/wp\/v2\/types\/page"}],"author":[{"embeddable":true,"href":"https:\/\/navigashipping.com\/tr\/index.php?rest_route=\/wp\/v2\/users\/1"}],"replies":[{"embeddable":true,"href":"https:\/\/navigashipping.com\/tr\/index.php?rest_route=%2Fwp%2Fv2%2Fcomments&post=1411"}],"version-history":[{"count":6,"href":"https:\/\/navigashipping.com\/tr\/index.php?rest_route=\/wp\/v2\/pages\/1411\/revisions"}],"predecessor-version":[{"id":1507,"href":"https:\/\/navigashipping.com\/tr\/index.php?rest_route=\/wp\/v2\/pages\/1411\/revisions\/1507"}],"wp:attachment":[{"href":"https:\/\/navigashipping.com\/tr\/index.php?rest_route=%2Fwp%2Fv2%2Fmedia&parent=1411"}],"curies":[{"name":"wp","href":"https:\/\/api.w.org\/{rel}","templated":true}]}}