{"id":15,"date":"2014-11-11T11:14:30","date_gmt":"2014-11-11T11:14:30","guid":{"rendered":"http:\/\/anpsthemes.com\/constructo\/?page_id=15"},"modified":"2025-07-05T15:51:51","modified_gmt":"2025-07-05T12:51:51","slug":"iletisim","status":"publish","type":"page","link":"https:\/\/navigashipping.com\/tr\/?page_id=15","title":{"rendered":"\u0130LET\u0130\u015e\u0130M"},"content":{"rendered":"<p>[vc_row css=&#8221;.vc_custom_1746782901267{margin-top: 60px !important;}&#8221;][vc_column width=&#8221;1\/2&#8243;][vc_empty_space height=&#8221;62px&#8221;][vc_custom_heading text=&#8221;Mersin Ofis&#8221; font_container=&#8221;tag:h2|text_align:left|color:%231e73be&#8221; use_theme_fonts=&#8221;yes&#8221;][vc_column_text]<\/p>\r\n<h4><\/h4>\r\n\r\n<p><strong>Telefon: <a href=\"tel:+003242394000\">+90 324 2394000<\/a><\/strong><\/p>\r\n<p><strong>E-mail: <a href=\"mailto:export@navigashipping.com\/tr\">export@navigashipping.com\/tr<\/a><\/strong><\/p>\r\n\r\n<p><!-- \/wp:paragraph -->Fuat Morel Mah. 2855 Sok. No:1 Premium \u0130\u015f Merkezi Kat:4 No:7 Yeni\u015fehir\/Mersin<\/p>\r\n<!-- \/wp:paragraph -->\r\n<p>&nbsp;<\/p>\r\n<p>[\/vc_column_text][vc_empty_space height=&#8221;52px&#8221;][vc_column_text]<iframe loading=\"lazy\" style=\"border: 0;\" src=\"https:\/\/www.google.com\/maps\/embed?pb=!1m18!1m12!1m3!1d3194.3408170443745!2d34.5865771!3d36.8103522!2m3!1f0!2f0!3f0!3m2!1i1024!2i768!4f13.1!3m3!1m2!1s0x1527f374d93e8209%3A0xaabba6cdaba20616!2sNaviga%20Shipping!5e0!3m2!1sen!2str!4v1748005656304!5m2!1sen!2str\" width=\"600\" height=\"450\" allowfullscreen=\"allowfullscreen\"><\/iframe>[\/vc_column_text][\/vc_column][vc_column width=&#8221;1\/2&#8243;][vc_empty_space height=&#8221;62px&#8221;][vc_custom_heading text=&#8221;Hamburg Ofis&#8221; font_container=&#8221;tag:h2|text_align:left|color:%231e73be&#8221; use_theme_fonts=&#8221;yes&#8221;][vc_column_text]<\/p>\r\n<h4><!-- wp:heading {\"level\":4} --><!-- \/wp:heading --><\/h4>\r\n<!-- wp:paragraph --><!-- \/wp:paragraph -->\r\n<p><!-- wp:paragraph --><strong>Telefon: <a href=\"tel:+00491631902641\">+49 163 1902641<\/a><\/strong><\/p>\r\n<p><!-- wp:paragraph --><strong>E-mail: <a href=\"mailto:sales.hamburg@navigashipping.com\/tr\">sales.hamburg@navigashipping.com\/tr<br \/><\/a><\/strong><\/p>\r\n<!-- \/wp:paragraph --><!-- \/wp:paragraph -->\r\n<p><!-- wp:paragraph --><!-- \/wp:paragraph --><!-- \/wp:paragraph -->Feldstra\u00dfe 106\/c 22880 Wedel<\/p>\r\n<!-- \/wp:paragraph -->\r\n<p>&nbsp;<\/p>\r\n<p>[\/vc_column_text][vc_empty_space height=&#8221;52px&#8221;][vc_column_text]<iframe loading=\"lazy\" style=\"border: 0;\" src=\"https:\/\/www.google.com\/maps\/embed?pb=!1m18!1m12!1m3!1d2368.9098161920942!2d9.7249293!3d53.5772261!2m3!1f0!2f0!3f0!3m2!1i1024!2i768!4f13.1!3m3!1m2!1s0x47b1826d9781e327%3A0x95a3ecdd652dbc17!2sFeldstra%C3%9Fe%20106C%2C%2022880%20Wedel%2C%20Almanya!5e0!3m2!1str!2str!4v1747228320607!5m2!1str!2str\" width=\"100%\" height=\"450\" allowfullscreen=\"allowfullscreen\"><\/iframe>[\/vc_column_text][\/vc_column][\/vc_row][vc_row][vc_column width=&#8221;1\/2&#8243;][\/vc_column][vc_column width=&#8221;1\/2&#8243;][\/vc_column][\/vc_row]<\/p>","protected":false},"excerpt":{"rendered":"<p>[vc_row css=&#8221;.vc_custom_1746782901267{margin-top: 60px !important;}&#8221;][vc_column width=&#8221;1\/2&#8243;][vc_empty_space height=&#8221;62px&#8221;][vc_custom_heading text=&#8221;Mersin Ofis&#8221; font_container=&#8221;tag:h2|text_align:left|color:%231e73be&#8221; use_theme_fonts=&#8221;yes&#8221;][vc_column_text] Telefon: +90 324 2394000 E-mail: export@navigashipping.com\/tr Fuat Morel Mah. 2855 Sok. No:1 Premium \u0130\u015f Merkezi Kat:4 No:7 Yeni\u015fehir\/Mersin &nbsp; [\/vc_column_text][vc_empty_space height=&#8221;52px&#8221;][vc_column_text][\/vc_column_text][\/vc_column][vc_column width=&#8221;1\/2&#8243;][vc_empty_space height=&#8221;62px&#8221;][vc_custom_heading text=&#8221;Hamburg Ofis&#8221; font_container=&#8221;tag:h2|text_align:left|color:%231e73be&#8221; use_theme_fonts=&#8221;yes&#8221;][vc_column_text] Telefon: +49 163&#8230;<\/p>\n","protected":false},"author":1,"featured_media":0,"parent":0,"menu_order":0,"comment_status":"closed","ping_status":"closed","template":"","meta":{"footnotes":""},"class_list":["post-15","page","type-page","status-publish","hentry"],"_links":{"self":[{"href":"https:\/\/navigashipping.com\/tr\/index.php?rest_route=\/wp\/v2\/pages\/15"}],"collection":[{"href":"https:\/\/navigashipping.com\/tr\/index.php?rest_route=\/wp\/v2\/pages"}],"about":[{"href":"https:\/\/navigashipping.com\/tr\/index.php?rest_route=\/wp\/v2\/types\/page"}],"author":[{"embeddable":true,"href":"https:\/\/navigashipping.com\/tr\/index.php?rest_route=\/wp\/v2\/users\/1"}],"replies":[{"embeddable":true,"href":"https:\/\/navigashipping.com\/tr\/index.php?rest_route=%2Fwp%2Fv2%2Fcomments&post=15"}],"version-history":[{"count":45,"href":"https:\/\/navigashipping.com\/tr\/index.php?rest_route=\/wp\/v2\/pages\/15\/revisions"}],"predecessor-version":[{"id":1494,"href":"https:\/\/navigashipping.com\/tr\/index.php?rest_route=\/wp\/v2\/pages\/15\/revisions\/1494"}],"wp:attachment":[{"href":"https:\/\/navigashipping.com\/tr\/index.php?rest_route=%2Fwp%2Fv2%2Fmedia&parent=15"}],"curies":[{"name":"wp","href":"https:\/\/api.w.org\/{rel}","templated":true}]}}