{"id":597,"date":"2014-11-11T11:09:47","date_gmt":"2014-11-11T08:09:47","guid":{"rendered":"http:\/\/anpsthemes.com\/constructo\/?page_id=5"},"modified":"2025-07-05T17:32:23","modified_gmt":"2025-07-05T14:32:23","slug":"home","status":"publish","type":"page","link":"https:\/\/navigashipping.com\/tr\/","title":{"rendered":"ANASAYFA"},"content":{"rendered":"<p>[vc_row full_width=&#8221;stretch_row_content_no_spaces&#8221; has_content=&#8221;true&#8221; css=&#8221;.vc_custom_1748261667839{margin-top: -60px !important;}&#8221;][vc_column][vc_single_image image=&#8221;1462&#8243; img_size=&#8221;full&#8221; alignment=&#8221;center&#8221;][\/vc_column][\/vc_row][vc_row css=&#8221;.vc_custom_1469100805838{padding-top: 60px !important;padding-bottom: 60px !important;}&#8221; has_content=&#8221;true&#8221;][vc_column width=&#8221;1\/3&#8243;][vc_single_image image=&#8221;1237&#8243; img_size=&#8221;full&#8221; onclick=&#8221;custom_link&#8221; link=&#8221;#&#8221;]<h5 class='heading-left  divider-sm' ><span>Y\u00dcKLEMELER\u0130N\u0130Z B\u0130Z\u0130M \u00d6NCEL\u0130\u011e\u0130M\u0130Z<\/span><\/h5>[vc_column_text]Proje ta\u015f\u0131mac\u0131l\u0131\u011f\u0131ndan uluslararas\u0131 ta\u015f\u0131mac\u0131l\u0131\u011fa, yurti\u00e7i perakende da\u011f\u0131t\u0131m ve teslimata kadar geni\u015f bir yelpazede ta\u015f\u0131ma hizmetleri sunuyoruz.[\/vc_column_text][vc_empty_space][\/vc_column][vc_column width=&#8221;1\/3&#8243;][vc_single_image image=&#8221;1118&#8243; img_size=&#8221;full&#8221; onclick=&#8221;custom_link&#8221; link=&#8221;#&#8221;]<h5 class='heading-left  divider-sm' ><span>%100 G\u00dcVENL\u0130 TESL\u0130MAT<\/span><\/h5>[vc_column_text]Kapasitelerimiz, farkl\u0131 \u00f6l\u00e7eklerdeki projeleri hayata ge\u00e7irme \u00f6zg\u00fcrl\u00fc\u011f\u00fc sunar. K\u00fc\u00e7\u00fck bireysel projelerden, b\u00fcy\u00fck \u00f6l\u00e7ekli dev yap\u0131lara kadar.[\/vc_column_text][vc_empty_space][\/vc_column][vc_column width=&#8221;1\/3&#8243;]<div class='featured-horizontal'><div class='featured-horizontal-header'><a href='https:\/\/navigashipping.com\/tr\/?page_id=1372'><img alt='GEM\u0130 TA\u015eIMACILI\u011eI' src='https:\/\/navigashipping.com\/tr\/wp-content\/uploads\/2020\/09\/Fotolia_70457153_Subscription_Monthly_M-255x170-1.jpg'><\/a><\/div><div class='featured-horizontal-content'><a href='https:\/\/navigashipping.com\/tr\/?page_id=1372'><h3 class='featured-horizontal-title'>GEM\u0130 TA\u015eIMACILI\u011eI<\/h3><\/a><p class='featured-horizontal-desc'>D\u00fcnya \u00e7ap\u0131nda g\u00fcvenli ve verimli denizyolu ta\u015f\u0131mac\u0131l\u0131\u011f\u0131 \u00e7\u00f6z\u00fcmleri sunuyoruz.<\/p><\/div><\/div><div class='featured-horizontal'><div class='featured-horizontal-header'><a href='https:\/\/navigashipping.com\/tr\/?page_id=1393'><img alt='HAVA TA\u015eIMACILI\u011eI' src='https:\/\/navigashipping.com\/tr\/wp-content\/uploads\/2020\/09\/Fotolia_44261036_Subscription_Monthly_XL-255x170-1.jpg'><\/a><\/div><div class='featured-horizontal-content'><a href='https:\/\/navigashipping.com\/tr\/?page_id=1393'><h3 class='featured-horizontal-title'>HAVA TA\u015eIMACILI\u011eI<\/h3><\/a><p class='featured-horizontal-desc'>K\u00fcresel teslimatlar i\u00e7in h\u0131zl\u0131 ve g\u00fcvenli havayolu ta\u015f\u0131mac\u0131l\u0131\u011f\u0131.<\/p><\/div><\/div><div class='featured-horizontal'><div class='featured-horizontal-header'><a href='https:\/\/navigashipping.com\/tr\/?page_id=1365'><img alt='KARA TA\u015eIMACILI\u011eI' src='https:\/\/navigashipping.com\/tr\/wp-content\/uploads\/2020\/09\/Fotolia_66820150_Subscription_Monthly_M-255x170-1.jpg'><\/a><\/div><div class='featured-horizontal-content'><a href='https:\/\/navigashipping.com\/tr\/?page_id=1365'><h3 class='featured-horizontal-title'>KARA TA\u015eIMACILI\u011eI<\/h3><\/a><p class='featured-horizontal-desc'>G\u00fcvenilir kara ta\u015f\u0131mac\u0131l\u0131\u011f\u0131.<\/p><\/div><\/div><div class='featured-horizontal'><div class='featured-horizontal-header'><a href='https:\/\/navigashipping.com\/tr\/?page_id=1395'><img alt='DEPOLAMA H\u0130ZMETLER\u0130' src='https:\/\/navigashipping.com\/tr\/wp-content\/uploads\/2020\/09\/Fotolia_91953311_Subscription_Monthly_M-255x170-1.jpg'><\/a><\/div><div class='featured-horizontal-content'><a href='https:\/\/navigashipping.com\/tr\/?page_id=1395'><h3 class='featured-horizontal-title'>DEPOLAMA H\u0130ZMETLER\u0130<\/h3><\/a><p class='featured-horizontal-desc'>G\u00fcvenli ve esnek depolama hizmetleri.<\/p><\/div><\/div><div class='featured-horizontal'><div class='featured-horizontal-header'><a href='https:\/\/navigashipping.com\/tr\/?page_id=1411'><img alt='G\u00d6ZET\u0130M H\u0130ZMETLER\u0130' src='https:\/\/navigashipping.com\/tr\/wp-content\/uploads\/2025\/05\/AAAAAA-1.jpg'><\/a><\/div><div class='featured-horizontal-content'><a href='https:\/\/navigashipping.com\/tr\/?page_id=1411'><h3 class='featured-horizontal-title'>G\u00d6ZET\u0130M H\u0130ZMETLER\u0130<\/h3><\/a><p class='featured-horizontal-desc'>Y\u00fck kalitesi ve uyumlulu\u011fu i\u00e7in uzman g\u00f6zetimler<\/p><\/div><\/div>[\/vc_column][\/vc_row][vc_row full_width=&#8221;stretch_row&#8221; css=&#8221;.vc_custom_1747148740187{padding-bottom: 50px !important;background-color: #1f425d !important;}&#8221; has_content=&#8221;inside&#8221;][vc_column][vc_empty_space][\/vc_column][\/vc_row][vc_row css=&#8221;.vc_custom_1418034361637{padding-top: 60px !important;}&#8221; has_content=&#8221;true&#8221;][vc_column width=&#8221;1\/3&#8243;]<div class=\"icon style-2 icon-left\">\r\n            <span>\r\n                <i class=\"fa fa-globe\"><\/i>\r\n                <h2>D\u00fcnya \u00c7ap\u0131nda Ta\u015f\u0131mac\u0131l\u0131k<\/h2>\r\n                <h3 class=\"style-2\">\u0130htiyac\u0131n\u0131z olan her destinasyon<\/h3>\r\n            <\/span>\r\n            <p>\u0130htiya\u00e7lar\u0131n\u0131za g\u00f6re, kolektif, tam ve parsiyel y\u00fcklemeleriniz yurti\u00e7i ve uluslararas\u0131 teslimatlar\u0131n\u0131 organize ediyoruz.<\/p>\r\n    <\/div>[vc_empty_space height=&#8221;52px&#8221;]<div class=\"icon style-2 icon-left\">\r\n            <span>\r\n                <i class=\"fa fa-thumbs-o-up\"><\/i>\r\n                <h2>%100 Garanti<\/h2>\r\n                <h3 class=\"style-2\">Hizmetimizin arkas\u0131nday\u0131z<\/h3>\r\n            <\/span>\r\n            <p>Y\u00fcklerinizin g\u00fcvenli ve zaman\u0131nda teslimat\u0131 bizim birincil \u00f6nceli\u011fimizdir. En \u00fcst d\u00fczey personel ve son derece modern ara\u00e7larla bunu ba\u015farabilece\u011fimizden eminiz.<\/p>\r\n    <\/div>[\/vc_column][vc_column width=&#8221;1\/3&#8243;]<div class=\"icon style-2 icon-left\">\r\n            <span>\r\n                <i class=\"fa fa-archive\"><\/i>\r\n                <h2>Y\u00fck\u00fcn\u00fcz\u00fc Depolama<\/h2>\r\n                <h3 class=\"style-2\">10000 m2 Depo<\/h3>\r\n            <\/span>\r\n            <p>Kapasitelerimiz, y\u00fcklerinizi depolamadan teslimata kadar y\u00f6netme \u00f6zg\u00fcrl\u00fc\u011f\u00fc sunar \u2014 ister k\u00fc\u00e7\u00fck ister b\u00fcy\u00fck \u00f6l\u00e7ekli olsun.<\/p>\r\n    <\/div>[vc_empty_space height=&#8221;52px&#8221;]<div class=\"icon style-2 icon-left\">\r\n            <span>\r\n                <i class=\"fa fa-gear\"><\/i>\r\n                <h2>G\u00f6zetim Hizmetleri<\/h2>\r\n                <h3 class=\"style-2\">G\u00fcvenilir incelemeler, net raporlar.<\/h3>\r\n            <\/span>\r\n            <p>Y\u00fcklerinizin t\u00fcm standartlara uygun oldu\u011funu sa\u011flamak i\u00e7in g\u00f6zetim hizmetleri sunuyoruz, net raporlar ve g\u00fcvenilir denetimlerle.<\/p>\r\n    <\/div>[\/vc_column][vc_column width=&#8221;1\/3&#8243;][vc_single_image image=&#8221;1167&#8243; img_size=&#8221;full&#8221;][vc_column_text]<\/p>\n<h4>10000m2 DEPOLAMA<\/h4>\n<p>Y\u00fcklerinizi uzun s\u00fcreler boyunca g\u00fcvenli ve d\u00fczenli bir \u015fekilde saklamak i\u00e7in \u0131s\u0131tmal\u0131 ve klimal\u0131 geni\u015f bir depolama alan\u0131 sunuyoruz.[\/vc_column_text][\/vc_column][\/vc_row][vc_row full_width=&#8221;stretch_row&#8221; disable_element=&#8221;yes&#8221; has_content=&#8221;inside&#8221; css=&#8221;.vc_custom_1747147558724{margin-top: 60px !important;padding-top: 80px !important;padding-bottom: 100px !important;background-image: url(https:\/\/navigashipping.com\/tr\/wp-content\/uploads\/2020\/09\/statement1.jpg?id=1165) !important;}&#8221;][\/vc_row][vc_column][\/vc_column]<\/p>\n","protected":false},"excerpt":{"rendered":"<p>[vc_row full_width=&#8221;stretch_row_content_no_spaces&#8221; has_content=&#8221;true&#8221; css=&#8221;.vc_custom_1748261667839{margin-top: -60px !important;}&#8221;][vc_column][vc_single_image image=&#8221;1462&#8243; img_size=&#8221;full&#8221; alignment=&#8221;center&#8221;][\/vc_column][\/vc_row][vc_row css=&#8221;.vc_custom_1469100805838{padding-top: 60px !important;padding-bottom: 60px !important;}&#8221; has_content=&#8221;true&#8221;][vc_column width=&#8221;1\/3&#8243;][vc_single_image image=&#8221;1237&#8243; img_size=&#8221;full&#8221; onclick=&#8221;custom_link&#8221; link=&#8221;#&#8221;][vc_column_text]Proje ta\u015f\u0131mac\u0131l\u0131\u011f\u0131ndan uluslararas\u0131 ta\u015f\u0131mac\u0131l\u0131\u011fa, yurti\u00e7i perakende da\u011f\u0131t\u0131m ve teslimata kadar geni\u015f bir yelpazede ta\u015f\u0131ma hizmetleri sunuyoruz.[\/vc_column_text][vc_empty_space][\/vc_column][vc_column width=&#8221;1\/3&#8243;][vc_single_image image=&#8221;1118&#8243; img_size=&#8221;full&#8221; onclick=&#8221;custom_link&#8221; link=&#8221;#&#8221;][vc_column_text]Kapasitelerimiz,&#8230;<\/p>\n","protected":false},"author":1,"featured_media":0,"parent":0,"menu_order":0,"comment_status":"closed","ping_status":"closed","template":"","meta":{"footnotes":""},"class_list":["post-597","page","type-page","status-publish","hentry"],"_links":{"self":[{"href":"https:\/\/navigashipping.com\/tr\/index.php?rest_route=\/wp\/v2\/pages\/597"}],"collection":[{"href":"https:\/\/navigashipping.com\/tr\/index.php?rest_route=\/wp\/v2\/pages"}],"about":[{"href":"https:\/\/navigashipping.com\/tr\/index.php?rest_route=\/wp\/v2\/types\/page"}],"author":[{"embeddable":true,"href":"https:\/\/navigashipping.com\/tr\/index.php?rest_route=\/wp\/v2\/users\/1"}],"replies":[{"embeddable":true,"href":"https:\/\/navigashipping.com\/tr\/index.php?rest_route=%2Fwp%2Fv2%2Fcomments&post=597"}],"version-history":[{"count":64,"href":"https:\/\/navigashipping.com\/tr\/index.php?rest_route=\/wp\/v2\/pages\/597\/revisions"}],"predecessor-version":[{"id":1514,"href":"https:\/\/navigashipping.com\/tr\/index.php?rest_route=\/wp\/v2\/pages\/597\/revisions\/1514"}],"wp:attachment":[{"href":"https:\/\/navigashipping.com\/tr\/index.php?rest_route=%2Fwp%2Fv2%2Fmedia&parent=597"}],"curies":[{"name":"wp","href":"https:\/\/api.w.org\/{rel}","templated":true}]}}